{"id":1262,"date":"2023-03-16T10:29:41","date_gmt":"2023-03-16T10:29:41","guid":{"rendered":"http:\/\/casafabregas.cat\/?page_id=1262"},"modified":"2023-03-20T12:09:29","modified_gmt":"2023-03-20T12:09:29","slug":"living-rooms","status":"publish","type":"page","link":"https:\/\/casafabregas.cat\/en\/living-rooms\/","title":{"rendered":"Living rooms"},"content":{"rendered":"\t\t<div data-elementor-type=\"wp-page\" data-elementor-id=\"1262\" class=\"elementor elementor-1262\" data-elementor-post-type=\"page\">\n\t\t\t\t\t\t<section class=\"elementor-section elementor-top-section elementor-element elementor-element-13f45e3 elementor-section-full_width elementor-section-height-min-height elementor-section-height-default elementor-section-items-middle\" data-id=\"13f45e3\" data-element_type=\"section\" data-e-type=\"section\" data-settings=\"{&quot;background_background&quot;:&quot;slideshow&quot;,&quot;background_slideshow_gallery&quot;:[{&quot;id&quot;:1070,&quot;url&quot;:&quot;http:\\\/\\\/casafabregas.cat\\\/wp-content\\\/uploads\\\/2023\\\/03\\\/F0610_20230210_066-1-scaled.jpg&quot;}],&quot;background_slideshow_transition_duration&quot;:700,&quot;background_slideshow_ken_burns&quot;:&quot;yes&quot;,&quot;background_slideshow_loop&quot;:&quot;yes&quot;,&quot;background_slideshow_slide_duration&quot;:5000,&quot;background_slideshow_slide_transition&quot;:&quot;fade&quot;,&quot;background_slideshow_ken_burns_zoom_direction&quot;:&quot;in&quot;}\">\n\t\t\t\t\t\t\t<div class=\"elementor-background-overlay\"><\/div>\n\t\t\t\t\t\t\t<div class=\"elementor-container elementor-column-gap-no\">\n\t\t\t\t\t<div class=\"elementor-column elementor-col-100 elementor-top-column elementor-element elementor-element-6a8ae86\" data-id=\"6a8ae86\" data-element_type=\"column\" data-e-type=\"column\">\n\t\t\t<div class=\"elementor-widget-wrap elementor-element-populated\">\n\t\t\t\t\t\t<section class=\"elementor-section elementor-inner-section elementor-element elementor-element-847d1df elementor-section-full_width elementor-section-height-default elementor-section-height-default\" data-id=\"847d1df\" data-element_type=\"section\" data-e-type=\"section\">\n\t\t\t\t\t\t<div class=\"elementor-container elementor-column-gap-default\">\n\t\t\t\t\t<div class=\"elementor-column elementor-col-100 elementor-inner-column elementor-element elementor-element-b9ac2ea\" data-id=\"b9ac2ea\" data-element_type=\"column\" data-e-type=\"column\">\n\t\t\t<div class=\"elementor-widget-wrap elementor-element-populated\">\n\t\t\t\t\t\t<div class=\"elementor-element elementor-element-e4a2f7b elementor-absolute elementor-widget elementor-widget-heading\" data-id=\"e4a2f7b\" data-element_type=\"widget\" data-e-type=\"widget\" data-settings=\"{&quot;_position&quot;:&quot;absolute&quot;}\" data-widget_type=\"heading.default\">\n\t\t\t\t<div class=\"elementor-widget-container\">\n\t\t\t\t\t<h2 class=\"elementor-heading-title elementor-size-default\">VINE A GAUDIR A CASA F\u00c0BREGAS<\/h2>\t\t\t\t<\/div>\n\t\t\t\t<\/div>\n\t\t\t\t<div class=\"elementor-element elementor-element-907ef79 elementor-widget elementor-widget-spacer\" data-id=\"907ef79\" data-element_type=\"widget\" data-e-type=\"widget\" data-widget_type=\"spacer.default\">\n\t\t\t\t<div class=\"elementor-widget-container\">\n\t\t\t\t\t\t\t<div class=\"elementor-spacer\">\n\t\t\t<div class=\"elementor-spacer-inner\"><\/div>\n\t\t<\/div>\n\t\t\t\t\t\t<\/div>\n\t\t\t\t<\/div>\n\t\t\t\t<div class=\"elementor-element elementor-element-70f3660 elementor-widget elementor-widget-heading\" data-id=\"70f3660\" data-element_type=\"widget\" data-e-type=\"widget\" data-widget_type=\"heading.default\">\n\t\t\t\t<div class=\"elementor-widget-container\">\n\t\t\t\t\t<h1 class=\"elementor-heading-title elementor-size-default\">Sales d'estar<\/h1>\t\t\t\t<\/div>\n\t\t\t\t<\/div>\n\t\t\t\t\t<\/div>\n\t\t<\/div>\n\t\t\t\t\t<\/div>\n\t\t<\/section>\n\t\t\t\t\t<\/div>\n\t\t<\/div>\n\t\t\t\t\t<\/div>\n\t\t<\/section>\n\t\t\t\t<section class=\"elementor-section elementor-top-section elementor-element elementor-element-ce32e9c elementor-section-boxed elementor-section-height-default elementor-section-height-default\" data-id=\"ce32e9c\" data-element_type=\"section\" data-e-type=\"section\">\n\t\t\t\t\t\t<div class=\"elementor-container elementor-column-gap-default\">\n\t\t\t\t\t<div class=\"elementor-column elementor-col-100 elementor-top-column elementor-element elementor-element-8ba7745\" data-id=\"8ba7745\" data-element_type=\"column\" data-e-type=\"column\">\n\t\t\t<div class=\"elementor-widget-wrap elementor-element-populated\">\n\t\t\t\t\t\t<div class=\"elementor-element elementor-element-4047140 elementor-widget elementor-widget-spacer\" data-id=\"4047140\" data-element_type=\"widget\" data-e-type=\"widget\" data-widget_type=\"spacer.default\">\n\t\t\t\t<div class=\"elementor-widget-container\">\n\t\t\t\t\t\t\t<div class=\"elementor-spacer\">\n\t\t\t<div class=\"elementor-spacer-inner\"><\/div>\n\t\t<\/div>\n\t\t\t\t\t\t<\/div>\n\t\t\t\t<\/div>\n\t\t\t\t<div class=\"elementor-element elementor-element-2a32593 elementor-widget elementor-widget-heading\" data-id=\"2a32593\" data-element_type=\"widget\" data-e-type=\"widget\" data-widget_type=\"heading.default\">\n\t\t\t\t<div class=\"elementor-widget-container\">\n\t\t\t\t\t<h2 class=\"elementor-heading-title elementor-size-default\"><a href=\"http:\/\/casafabregas.cat\/\"><span>Inici<\/span><\/a><a href=\"http:\/\/casafabregas.cat\/installacions\/\"><span>\/Instal\u00b7lacions<\/span><\/a><span>&nbsp;\/Sales'estar<\/span><\/h2>\t\t\t\t<\/div>\n\t\t\t\t<\/div>\n\t\t\t\t\t<\/div>\n\t\t<\/div>\n\t\t\t\t\t<\/div>\n\t\t<\/section>\n\t\t\t\t<section class=\"elementor-section elementor-top-section elementor-element elementor-element-15225de elementor-section-boxed elementor-section-height-default elementor-section-height-default\" data-id=\"15225de\" data-element_type=\"section\" data-e-type=\"section\" data-settings=\"{&quot;background_background&quot;:&quot;classic&quot;}\">\n\t\t\t\t\t\t<div class=\"elementor-container elementor-column-gap-default\">\n\t\t\t\t\t<div class=\"elementor-column elementor-col-100 elementor-top-column elementor-element elementor-element-6598920\" data-id=\"6598920\" data-element_type=\"column\" data-e-type=\"column\">\n\t\t\t<div class=\"elementor-widget-wrap elementor-element-populated\">\n\t\t\t\t\t\t<div class=\"elementor-element elementor-element-62aab6c elementor-position-block-start elementor-tablet-position-block-start elementor-view-default elementor-mobile-position-block-start elementor-widget elementor-widget-icon-box\" data-id=\"62aab6c\" data-element_type=\"widget\" data-e-type=\"widget\" data-widget_type=\"icon-box.default\">\n\t\t\t\t<div class=\"elementor-widget-container\">\n\t\t\t\t\t\t\t<div class=\"elementor-icon-box-wrapper\">\n\n\t\t\t\t\t\t<div class=\"elementor-icon-box-icon\">\n\t\t\t\t<span  class=\"elementor-icon\">\n\t\t\t\t<svg xmlns=\"http:\/\/www.w3.org\/2000\/svg\" xmlns:xlink=\"http:\/\/www.w3.org\/1999\/xlink\" id=\"Grupo_453\" data-name=\"Grupo 453\" width=\"102.283\" height=\"71.147\" viewBox=\"0 0 102.283 71.147\"><defs><clipPath id=\"clip-path\"><rect id=\"Rect&#xE1;ngulo_995\" data-name=\"Rect&#xE1;ngulo 995\" width=\"102.283\" height=\"71.147\" fill=\"#b2b2b2\"><\/rect><\/clipPath><\/defs><g id=\"Grupo_452\" data-name=\"Grupo 452\" clip-path=\"url(#clip-path)\"><path id=\"Trazado_482\" data-name=\"Trazado 482\" d=\"M102.283,26.784a41.012,41.012,0,0,1-1.551,4.26A8.919,8.919,0,0,1,96.3,35.2a1.256,1.256,0,0,0-.843,1.348c.026,7.591.017,15.183.015,22.774,0,2.154-.659,2.816-2.795,2.82h-1.8c0,2.028,0,3.98,0,5.932,0,2.5-.563,3.065-3.047,3.066-1.332,0-2.665-.036-4,.01a2.391,2.391,0,0,1-2.541-1.658c-.9-2.216-1.88-4.4-2.79-6.615a1.01,1.01,0,0,0-1.092-.748q-26.27.026-52.541,0a1.011,1.011,0,0,0-1.093.748c-.91,2.213-1.886,4.4-2.789,6.615a2.4,2.4,0,0,1-2.541,1.659c-1.53-.046-3.063,0-4.595-.014a2.15,2.15,0,0,1-2.443-2.463c-.018-2.128,0-4.256,0-6.531-.7,0-1.353,0-2,0C7.533,62.123,6.8,61.4,6.8,59.517Q6.8,48.03,6.812,36.543a1.2,1.2,0,0,0-.747-1.307,10.638,10.638,0,0,1,4.04-20.222c.394-.027.789-.036,1.325-.06,0-1.541-.035-3.059.011-4.575a17.9,17.9,0,0,1,.3-3.764A8.341,8.341,0,0,1,20.066.037C28.322-.024,36.58,0,44.837.039a8.363,8.363,0,0,1,6.219,2.974c.761-.585,1.469-1.175,2.223-1.7A7.461,7.461,0,0,1,57.613.026C65.77.01,73.928-.023,82.085.031c5.141.034,8.692,3.755,8.754,9.026.023,1.929,0,3.859,0,5.814a25.891,25.891,0,0,1,3.171.432,10.48,10.48,0,0,1,8.015,8.141c.078.316.168.629.253.943ZM10.8,51.943h1.386q31.86,0,63.721,0a7.4,7.4,0,0,1,1.392.073,1.986,1.986,0,0,1,1.568,1.84,1.932,1.932,0,0,1-1.434,1.929,6,6,0,0,1-1.479.146q-31.91.01-63.821.006H10.8v2.123H91.476V56.8q0-10.986,0-21.973c0-1.783.344-2.247,2.056-2.805.158-.052.32-.09.476-.148a6.668,6.668,0,0,0-3.16-12.845c-3.273.422-5.227,3.315-5.181,6.528.1,7.056.031,14.115.031,21.173,0,2.358-.611,2.98-2.935,2.98H19.541c-2.349,0-2.965-.614-2.965-2.95,0-7.224.01-14.449-.007-21.673a5.92,5.92,0,0,0-4.237-5.868A6.658,6.658,0,0,0,8.423,31.934c2.248.767,2.375.946,2.375,3.36v16.65M49.1,29.417c.014-.255.041-.508.041-.761q0-9.837,0-19.674a4.612,4.612,0,0,0-5-4.968Q32.3,4,20.47,4.014c-3.144,0-5.009,1.873-5.039,5.043-.02,2.1.019,4.195-.018,6.291a1.337,1.337,0,0,0,.7,1.284,9.308,9.308,0,0,1,4.278,6.675c.214,1.566.184,3.166.264,4.733,9.613-2.553,19.1-2.668,28.444,1.377m32.611-1.341c0-1.114-.036-2.178.007-3.239a9.809,9.809,0,0,1,4.5-8.232,1.261,1.261,0,0,0,.643-1.214c-.03-2.1,0-4.194-.015-6.291-.024-3.225-1.885-5.083-5.1-5.085Q69.962,4,58.177,4.013c-3.163,0-5.037,1.87-5.041,5.024q-.012,9.787,0,19.573c0,.276.038.552.056.788,9.349-4.007,18.8-3.922,28.514-1.323M81.66,39.238H20.652v6.408H81.66Zm.04-4.109c0-.8.037-1.5-.022-2.185a.874.874,0,0,0-.454-.617,22.969,22.969,0,0,0-2.731-.929,40.221,40.221,0,0,0-15.042-.781,20.274,20.274,0,0,0-8.845,2.813,11.537,11.537,0,0,0-1.551,1.484l.2.215Zm-61.027-.048H49.4a10.421,10.421,0,0,0-1.6-1.545,20.016,20.016,0,0,0-3.2-1.577,32.349,32.349,0,0,0-11.476-1.7,33.363,33.363,0,0,0-10.423,1.452c-2.32.763-2.306.8-2.1,3.244,0,.029.029.056.068.125M15.463,62.2v4.943c.556,0,1.052.034,1.541-.014.26-.026.652-.126.735-.307.684-1.5,1.31-3.024,1.987-4.622ZM86.8,67.08V62.174H82.68c-.011.1-.043.176-.021.228.414,1.011.829,2.022,1.254,3.028.77,1.825.773,1.824,2.89,1.65\" transform=\"translate(0 0)\" fill=\"#b2b2b2\"><\/path><path id=\"Trazado_483\" data-name=\"Trazado 483\" d=\"M330.909,207.673a1.97,1.97,0,0,1,2,1.931,1.991,1.991,0,1,1-3.982.021,1.958,1.958,0,0,1,1.978-1.952\" transform=\"translate(-246.624 -155.708)\" fill=\"#b2b2b2\"><\/path><\/g><\/svg>\t\t\t\t<\/span>\n\t\t\t<\/div>\n\t\t\t\n\t\t\t\t\t\t<div class=\"elementor-icon-box-content\">\n\n\t\t\t\t\t\t\t\t\t<h3 class=\"elementor-icon-box-title\">\n\t\t\t\t\t\t<span  >\n\t\t\t\t\t\t\tSales d'estar\t\t\t\t\t\t<\/span>\n\t\t\t\t\t<\/h3>\n\t\t\t\t\n\t\t\t\t\n\t\t\t<\/div>\n\t\t\t\n\t\t<\/div>\n\t\t\t\t\t\t<\/div>\n\t\t\t\t<\/div>\n\t\t\t\t<section class=\"elementor-section elementor-inner-section elementor-element elementor-element-ea5d837 elementor-section-full_width elementor-section-height-default elementor-section-height-default\" data-id=\"ea5d837\" data-element_type=\"section\" data-e-type=\"section\">\n\t\t\t\t\t\t<div class=\"elementor-container elementor-column-gap-no\">\n\t\t\t\t\t<div class=\"elementor-column elementor-col-50 elementor-inner-column elementor-element elementor-element-be13245\" data-id=\"be13245\" data-element_type=\"column\" data-e-type=\"column\" data-settings=\"{&quot;background_background&quot;:&quot;classic&quot;}\">\n\t\t\t<div class=\"elementor-widget-wrap elementor-element-populated\">\n\t\t\t\t\t\t<div class=\"elementor-element elementor-element-7b76175 elementor-widget elementor-widget-text-editor\" data-id=\"7b76175\" data-element_type=\"widget\" data-e-type=\"widget\" data-widget_type=\"text-editor.default\">\n\t\t\t\t<div class=\"elementor-widget-container\">\n\t\t\t\t\t\t\t\t\t<p>Gaudireu de dues espaioses sales d&#8217;estar, una localitzada a la planta baixa i l&#8217;altra a la primera planta, en mig de les habitacions.<\/p>\t\t\t\t\t\t\t\t<\/div>\n\t\t\t\t<\/div>\n\t\t\t\t\t<\/div>\n\t\t<\/div>\n\t\t\t\t<div class=\"elementor-column elementor-col-50 elementor-inner-column elementor-element elementor-element-4712ae6\" data-id=\"4712ae6\" data-element_type=\"column\" data-e-type=\"column\" data-settings=\"{&quot;background_background&quot;:&quot;classic&quot;}\">\n\t\t\t<div class=\"elementor-widget-wrap elementor-element-populated\">\n\t\t\t\t\t\t<div class=\"elementor-element elementor-element-049292f elementor-widget elementor-widget-text-editor\" data-id=\"049292f\" data-element_type=\"widget\" data-e-type=\"widget\" data-widget_type=\"text-editor.default\">\n\t\t\t\t<div class=\"elementor-widget-container\">\n\t\t\t\t\t\t\t\t\t<p>Les sales estan equipades amb llibres, jocs de taules i llar de foc al voltant de confortables butaques i sof\u00e0s perqu\u00e8 pugeu esbargir-vos i regalar-vos inoblidables moments de relaxaci\u00f3 en fam\u00edlia o grup d&#8217;amics.<\/p>\t\t\t\t\t\t\t\t<\/div>\n\t\t\t\t<\/div>\n\t\t\t\t\t<\/div>\n\t\t<\/div>\n\t\t\t\t\t<\/div>\n\t\t<\/section>\n\t\t\t\t\t<\/div>\n\t\t<\/div>\n\t\t\t\t\t<\/div>\n\t\t<\/section>\n\t\t\t\t<section class=\"elementor-section elementor-top-section elementor-element elementor-element-f9c9527 elementor-section-full_width elementor-section-height-default elementor-section-height-default\" data-id=\"f9c9527\" data-element_type=\"section\" data-e-type=\"section\">\n\t\t\t\t\t\t<div class=\"elementor-container elementor-column-gap-no\">\n\t\t\t\t\t<div class=\"elementor-column elementor-col-100 elementor-top-column elementor-element elementor-element-d89c588\" data-id=\"d89c588\" data-element_type=\"column\" data-e-type=\"column\">\n\t\t\t<div class=\"elementor-widget-wrap elementor-element-populated\">\n\t\t\t\t\t\t<section class=\"elementor-section elementor-inner-section elementor-element elementor-element-fb1ba1e elementor-section-full_width elementor-section-height-default elementor-section-height-default\" data-id=\"fb1ba1e\" data-element_type=\"section\" data-e-type=\"section\">\n\t\t\t\t\t\t<div class=\"elementor-container elementor-column-gap-no\">\n\t\t\t\t\t<div class=\"elementor-column elementor-col-100 elementor-inner-column elementor-element elementor-element-441be21\" data-id=\"441be21\" data-element_type=\"column\" data-e-type=\"column\">\n\t\t\t<div class=\"elementor-widget-wrap elementor-element-populated\">\n\t\t\t\t\t\t<div class=\"elementor-element elementor-element-d76f10d elementor--h-position-center elementor--v-position-middle elementor-arrows-position-inside elementor-pagination-position-inside elementor-widget elementor-widget-slides\" data-id=\"d76f10d\" data-element_type=\"widget\" data-e-type=\"widget\" data-settings=\"{&quot;navigation&quot;:&quot;both&quot;,&quot;autoplay&quot;:&quot;yes&quot;,&quot;pause_on_hover&quot;:&quot;yes&quot;,&quot;pause_on_interaction&quot;:&quot;yes&quot;,&quot;autoplay_speed&quot;:5000,&quot;infinite&quot;:&quot;yes&quot;,&quot;transition&quot;:&quot;slide&quot;,&quot;transition_speed&quot;:500}\" data-widget_type=\"slides.default\">\n\t\t\t\t<div class=\"elementor-widget-container\">\n\t\t\t\t\t\t\t\t\t<div class=\"elementor-swiper\">\n\t\t\t\t\t<div class=\"elementor-slides-wrapper elementor-main-swiper swiper\" role=\"region\" aria-roledescription=\"carousel\" aria-label=\"Diapositives\" dir=\"ltr\" data-animation=\"\">\n\t\t\t\t<div class=\"swiper-wrapper elementor-slides\">\n\t\t\t\t\t\t\t\t\t\t<div class=\"elementor-repeater-item-bf03a7e swiper-slide\" role=\"group\" aria-roledescription=\"slide\"><div class=\"swiper-slide-bg\" role=\"img\" aria-label=\"F0610_20230210_066\"><\/div><div class=\"elementor-background-overlay\"><\/div><div class=\"swiper-slide-inner\" ><div class=\"swiper-slide-contents\"><\/div><\/div><\/div><div class=\"elementor-repeater-item-c936d3f swiper-slide\" role=\"group\" aria-roledescription=\"slide\"><div class=\"swiper-slide-bg\" role=\"img\" aria-label=\"F0610_20230210_047\"><\/div><div class=\"elementor-background-overlay\"><\/div><div class=\"swiper-slide-inner\" ><div class=\"swiper-slide-contents\"><\/div><\/div><\/div><div class=\"elementor-repeater-item-439fe2f swiper-slide\" role=\"group\" aria-roledescription=\"slide\"><div class=\"swiper-slide-bg\" role=\"img\" aria-label=\"F0610_20230210_064\"><\/div><div class=\"elementor-background-overlay\"><\/div><div class=\"swiper-slide-inner\" ><div class=\"swiper-slide-contents\"><\/div><\/div><\/div><div class=\"elementor-repeater-item-d7392bf swiper-slide\" role=\"group\" aria-roledescription=\"slide\"><div class=\"swiper-slide-bg\" role=\"img\" aria-label=\"F0610_20230210_055\"><\/div><div class=\"elementor-background-overlay\"><\/div><div class=\"swiper-slide-inner\" ><div class=\"swiper-slide-contents\"><\/div><\/div><\/div>\t\t\t\t<\/div>\n\t\t\t\t\t\t\t\t\t\t\t\t\t\t\t<div class=\"elementor-swiper-button elementor-swiper-button-prev\" role=\"button\" tabindex=\"0\" aria-label=\"Diapositiva anterior\">\n\t\t\t\t\t\t\t<i aria-hidden=\"true\" class=\"eicon-chevron-left\"><\/i>\t\t\t\t\t\t<\/div>\n\t\t\t\t\t\t<div class=\"elementor-swiper-button elementor-swiper-button-next\" role=\"button\" tabindex=\"0\" aria-label=\"Diapositiva seg\u00fcent\">\n\t\t\t\t\t\t\t<i aria-hidden=\"true\" class=\"eicon-chevron-right\"><\/i>\t\t\t\t\t\t<\/div>\n\t\t\t\t\t\t\t\t\t\t\t\t\t\t\t\t<div class=\"swiper-pagination\"><\/div>\n\t\t\t\t\t\t\t\t\t\t\t\t<\/div>\n\t\t\t\t<\/div>\n\t\t\t\t\t\t\t\t<\/div>\n\t\t\t\t<\/div>\n\t\t\t\t\t<\/div>\n\t\t<\/div>\n\t\t\t\t\t<\/div>\n\t\t<\/section>\n\t\t\t\t\t<\/div>\n\t\t<\/div>\n\t\t\t\t\t<\/div>\n\t\t<\/section>\n\t\t\t\t<\/div>\n\t\t","protected":false},"excerpt":{"rendered":"<p>VINE A GAUDIR A CASA F\u00c0BREGAS Sales d&#8217;estar Inici\/Instal\u00b7lacions&nbsp;\/Sales&#8217;estar Sales d&#8217;estar Gaudireu de dues espaioses sales d&#8217;estar, una localitzada a la planta baixa i l&#8217;altra a la primera planta, en mig de les habitacions. Les sales estan equipades amb llibres, jocs de taules i llar de foc al voltant de confortables butaques i sof\u00e0s perqu\u00e8 [&hellip;]<\/p>\n","protected":false},"author":5,"featured_media":0,"parent":0,"menu_order":0,"comment_status":"closed","ping_status":"closed","template":"","meta":{"footnotes":""},"class_list":["post-1262","page","type-page","status-publish","hentry"],"yoast_head":"<!-- This site is optimized with the Yoast SEO plugin v27.5 - https:\/\/yoast.com\/product\/yoast-seo-wordpress\/ -->\n<title>Sales d&#039;estar - casafabregas<\/title>\n<meta name=\"robots\" content=\"index, follow, max-snippet:-1, max-image-preview:large, max-video-preview:-1\" \/>\n<link rel=\"canonical\" href=\"https:\/\/casafabregas.cat\/en\/living-rooms\/\" \/>\n<meta property=\"og:locale\" content=\"en_GB\" \/>\n<meta property=\"og:type\" content=\"article\" \/>\n<meta property=\"og:title\" content=\"Sales d&#039;estar - casafabregas\" \/>\n<meta property=\"og:description\" content=\"VINE A GAUDIR A CASA F\u00c0BREGAS Sales d&#8217;estar Inici\/Instal\u00b7lacions&nbsp;\/Sales&#8217;estar Sales d&#8217;estar Gaudireu de dues espaioses sales d&#8217;estar, una localitzada a la planta baixa i l&#8217;altra a la primera planta, en mig de les habitacions. Les sales estan equipades amb llibres, jocs de taules i llar de foc al voltant de confortables butaques i sof\u00e0s perqu\u00e8 [&hellip;]\" \/>\n<meta property=\"og:url\" content=\"https:\/\/casafabregas.cat\/en\/living-rooms\/\" \/>\n<meta property=\"og:site_name\" content=\"casafabregas\" \/>\n<meta property=\"article:modified_time\" content=\"2023-03-20T12:09:29+00:00\" \/>\n<meta name=\"twitter:card\" content=\"summary_large_image\" \/>\n<meta name=\"twitter:label1\" content=\"Estimated reading time\" \/>\n\t<meta name=\"twitter:data1\" content=\"1 minute\" \/>\n<script type=\"application\/ld+json\" class=\"yoast-schema-graph\">{\"@context\":\"https:\\\/\\\/schema.org\",\"@graph\":[{\"@type\":\"WebPage\",\"@id\":\"https:\\\/\\\/casafabregas.cat\\\/en\\\/living-rooms\\\/\",\"url\":\"https:\\\/\\\/casafabregas.cat\\\/en\\\/living-rooms\\\/\",\"name\":\"Sales d'estar - casafabregas\",\"isPartOf\":{\"@id\":\"https:\\\/\\\/casafabregas.cat\\\/es\\\/#website\"},\"datePublished\":\"2023-03-16T10:29:41+00:00\",\"dateModified\":\"2023-03-20T12:09:29+00:00\",\"breadcrumb\":{\"@id\":\"https:\\\/\\\/casafabregas.cat\\\/en\\\/living-rooms\\\/#breadcrumb\"},\"inLanguage\":\"en-GB\",\"potentialAction\":[{\"@type\":\"ReadAction\",\"target\":[\"https:\\\/\\\/casafabregas.cat\\\/en\\\/living-rooms\\\/\"]}]},{\"@type\":\"BreadcrumbList\",\"@id\":\"https:\\\/\\\/casafabregas.cat\\\/en\\\/living-rooms\\\/#breadcrumb\",\"itemListElement\":[{\"@type\":\"ListItem\",\"position\":1,\"name\":\"Portada\",\"item\":\"https:\\\/\\\/casafabregas.cat\\\/\"},{\"@type\":\"ListItem\",\"position\":2,\"name\":\"Sales d&#8217;estar\"}]},{\"@type\":\"WebSite\",\"@id\":\"https:\\\/\\\/casafabregas.cat\\\/es\\\/#website\",\"url\":\"https:\\\/\\\/casafabregas.cat\\\/es\\\/\",\"name\":\"casafabregas\",\"description\":\"\",\"publisher\":{\"@id\":\"https:\\\/\\\/casafabregas.cat\\\/es\\\/#organization\"},\"potentialAction\":[{\"@type\":\"SearchAction\",\"target\":{\"@type\":\"EntryPoint\",\"urlTemplate\":\"https:\\\/\\\/casafabregas.cat\\\/es\\\/?s={search_term_string}\"},\"query-input\":{\"@type\":\"PropertyValueSpecification\",\"valueRequired\":true,\"valueName\":\"search_term_string\"}}],\"inLanguage\":\"en-GB\"},{\"@type\":\"Organization\",\"@id\":\"https:\\\/\\\/casafabregas.cat\\\/es\\\/#organization\",\"name\":\"casafabregas\",\"url\":\"https:\\\/\\\/casafabregas.cat\\\/es\\\/\",\"logo\":{\"@type\":\"ImageObject\",\"inLanguage\":\"en-GB\",\"@id\":\"https:\\\/\\\/casafabregas.cat\\\/es\\\/#\\\/schema\\\/logo\\\/image\\\/\",\"url\":\"https:\\\/\\\/casafabregas.cat\\\/wp-content\\\/uploads\\\/2023\\\/01\\\/Marca-Casa-Fabregas-blanc.png\",\"contentUrl\":\"https:\\\/\\\/casafabregas.cat\\\/wp-content\\\/uploads\\\/2023\\\/01\\\/Marca-Casa-Fabregas-blanc.png\",\"width\":2402,\"height\":1134,\"caption\":\"casafabregas\"},\"image\":{\"@id\":\"https:\\\/\\\/casafabregas.cat\\\/es\\\/#\\\/schema\\\/logo\\\/image\\\/\"}}]}<\/script>\n<!-- \/ Yoast SEO plugin. -->","yoast_head_json":{"title":"Living rooms - casafabregas","robots":{"index":"index","follow":"follow","max-snippet":"max-snippet:-1","max-image-preview":"max-image-preview:large","max-video-preview":"max-video-preview:-1"},"canonical":"https:\/\/casafabregas.cat\/en\/living-rooms\/","og_locale":"en_GB","og_type":"article","og_title":"Sales d'estar - casafabregas","og_description":"VINE A GAUDIR A CASA F\u00c0BREGAS Sales d&#8217;estar Inici\/Instal\u00b7lacions&nbsp;\/Sales&#8217;estar Sales d&#8217;estar Gaudireu de dues espaioses sales d&#8217;estar, una localitzada a la planta baixa i l&#8217;altra a la primera planta, en mig de les habitacions. Les sales estan equipades amb llibres, jocs de taules i llar de foc al voltant de confortables butaques i sof\u00e0s perqu\u00e8 [&hellip;]","og_url":"https:\/\/casafabregas.cat\/en\/living-rooms\/","og_site_name":"casafabregas","article_modified_time":"2023-03-20T12:09:29+00:00","twitter_card":"summary_large_image","twitter_misc":{"Estimated reading time":"1 minute"},"schema":{"@context":"https:\/\/schema.org","@graph":[{"@type":"WebPage","@id":"https:\/\/casafabregas.cat\/en\/living-rooms\/","url":"https:\/\/casafabregas.cat\/en\/living-rooms\/","name":"Living rooms - casafabregas","isPartOf":{"@id":"https:\/\/casafabregas.cat\/es\/#website"},"datePublished":"2023-03-16T10:29:41+00:00","dateModified":"2023-03-20T12:09:29+00:00","breadcrumb":{"@id":"https:\/\/casafabregas.cat\/en\/living-rooms\/#breadcrumb"},"inLanguage":"en-GB","potentialAction":[{"@type":"ReadAction","target":["https:\/\/casafabregas.cat\/en\/living-rooms\/"]}]},{"@type":"BreadcrumbList","@id":"https:\/\/casafabregas.cat\/en\/living-rooms\/#breadcrumb","itemListElement":[{"@type":"ListItem","position":1,"name":"Portada","item":"https:\/\/casafabregas.cat\/"},{"@type":"ListItem","position":2,"name":"Sales d&#8217;estar"}]},{"@type":"WebSite","@id":"https:\/\/casafabregas.cat\/es\/#website","url":"https:\/\/casafabregas.cat\/es\/","name":"casafabregas","description":"","publisher":{"@id":"https:\/\/casafabregas.cat\/es\/#organization"},"potentialAction":[{"@type":"SearchAction","target":{"@type":"EntryPoint","urlTemplate":"https:\/\/casafabregas.cat\/es\/?s={search_term_string}"},"query-input":{"@type":"PropertyValueSpecification","valueRequired":true,"valueName":"search_term_string"}}],"inLanguage":"en-GB"},{"@type":"Organization","@id":"https:\/\/casafabregas.cat\/es\/#organization","name":"casafabregas","url":"https:\/\/casafabregas.cat\/es\/","logo":{"@type":"ImageObject","inLanguage":"en-GB","@id":"https:\/\/casafabregas.cat\/es\/#\/schema\/logo\/image\/","url":"https:\/\/casafabregas.cat\/wp-content\/uploads\/2023\/01\/Marca-Casa-Fabregas-blanc.png","contentUrl":"https:\/\/casafabregas.cat\/wp-content\/uploads\/2023\/01\/Marca-Casa-Fabregas-blanc.png","width":2402,"height":1134,"caption":"casafabregas"},"image":{"@id":"https:\/\/casafabregas.cat\/es\/#\/schema\/logo\/image\/"}}]}},"_links":{"self":[{"href":"https:\/\/casafabregas.cat\/en\/wp-json\/wp\/v2\/pages\/1262","targetHints":{"allow":["GET"]}}],"collection":[{"href":"https:\/\/casafabregas.cat\/en\/wp-json\/wp\/v2\/pages"}],"about":[{"href":"https:\/\/casafabregas.cat\/en\/wp-json\/wp\/v2\/types\/page"}],"author":[{"embeddable":true,"href":"https:\/\/casafabregas.cat\/en\/wp-json\/wp\/v2\/users\/5"}],"replies":[{"embeddable":true,"href":"https:\/\/casafabregas.cat\/en\/wp-json\/wp\/v2\/comments?post=1262"}],"version-history":[{"count":28,"href":"https:\/\/casafabregas.cat\/en\/wp-json\/wp\/v2\/pages\/1262\/revisions"}],"predecessor-version":[{"id":1451,"href":"https:\/\/casafabregas.cat\/en\/wp-json\/wp\/v2\/pages\/1262\/revisions\/1451"}],"wp:attachment":[{"href":"https:\/\/casafabregas.cat\/en\/wp-json\/wp\/v2\/media?parent=1262"}],"curies":[{"name":"wp","href":"https:\/\/api.w.org\/{rel}","templated":true}]}}