{"id":1304,"date":"2023-03-16T10:57:04","date_gmt":"2023-03-16T10:57:04","guid":{"rendered":"http:\/\/casafabregas.cat\/?page_id=1304"},"modified":"2023-03-20T12:22:57","modified_gmt":"2023-03-20T12:22:57","slug":"kitchen","status":"publish","type":"page","link":"https:\/\/casafabregas.cat\/en\/kitchen\/","title":{"rendered":"kitchen"},"content":{"rendered":"\t\t<div data-elementor-type=\"wp-page\" data-elementor-id=\"1304\" class=\"elementor elementor-1304\" data-elementor-post-type=\"page\">\n\t\t\t\t\t\t<section class=\"elementor-section elementor-top-section elementor-element elementor-element-24e289b elementor-section-full_width elementor-section-height-min-height elementor-section-height-default elementor-section-items-middle\" data-id=\"24e289b\" data-element_type=\"section\" data-e-type=\"section\" data-settings=\"{&quot;background_background&quot;:&quot;slideshow&quot;,&quot;background_slideshow_gallery&quot;:[{&quot;id&quot;:1064,&quot;url&quot;:&quot;http:\\\/\\\/casafabregas.cat\\\/wp-content\\\/uploads\\\/2023\\\/03\\\/F0610_20230210_050-scaled.jpg&quot;}],&quot;background_slideshow_transition_duration&quot;:700,&quot;background_slideshow_ken_burns&quot;:&quot;yes&quot;,&quot;background_slideshow_loop&quot;:&quot;yes&quot;,&quot;background_slideshow_slide_duration&quot;:5000,&quot;background_slideshow_slide_transition&quot;:&quot;fade&quot;,&quot;background_slideshow_ken_burns_zoom_direction&quot;:&quot;in&quot;}\">\n\t\t\t\t\t\t\t<div class=\"elementor-background-overlay\"><\/div>\n\t\t\t\t\t\t\t<div class=\"elementor-container elementor-column-gap-no\">\n\t\t\t\t\t<div class=\"elementor-column elementor-col-100 elementor-top-column elementor-element elementor-element-6ab0dad\" data-id=\"6ab0dad\" data-element_type=\"column\" data-e-type=\"column\">\n\t\t\t<div class=\"elementor-widget-wrap elementor-element-populated\">\n\t\t\t\t\t\t<section class=\"elementor-section elementor-inner-section elementor-element elementor-element-8018239 elementor-section-full_width elementor-section-height-default elementor-section-height-default\" data-id=\"8018239\" data-element_type=\"section\" data-e-type=\"section\">\n\t\t\t\t\t\t<div class=\"elementor-container elementor-column-gap-default\">\n\t\t\t\t\t<div class=\"elementor-column elementor-col-100 elementor-inner-column elementor-element elementor-element-32a6c1b\" data-id=\"32a6c1b\" data-element_type=\"column\" data-e-type=\"column\">\n\t\t\t<div class=\"elementor-widget-wrap elementor-element-populated\">\n\t\t\t\t\t\t<div class=\"elementor-element elementor-element-da49a6d elementor-absolute elementor-widget elementor-widget-heading\" data-id=\"da49a6d\" data-element_type=\"widget\" data-e-type=\"widget\" data-settings=\"{&quot;_position&quot;:&quot;absolute&quot;}\" data-widget_type=\"heading.default\">\n\t\t\t\t<div class=\"elementor-widget-container\">\n\t\t\t\t\t<h2 class=\"elementor-heading-title elementor-size-default\">VINE A GAUDIR A CASA F\u00c0BREGAS<\/h2>\t\t\t\t<\/div>\n\t\t\t\t<\/div>\n\t\t\t\t<div class=\"elementor-element elementor-element-1a33ffe elementor-widget elementor-widget-spacer\" data-id=\"1a33ffe\" data-element_type=\"widget\" data-e-type=\"widget\" data-widget_type=\"spacer.default\">\n\t\t\t\t<div class=\"elementor-widget-container\">\n\t\t\t\t\t\t\t<div class=\"elementor-spacer\">\n\t\t\t<div class=\"elementor-spacer-inner\"><\/div>\n\t\t<\/div>\n\t\t\t\t\t\t<\/div>\n\t\t\t\t<\/div>\n\t\t\t\t<div class=\"elementor-element elementor-element-f4d0746 elementor-widget elementor-widget-heading\" data-id=\"f4d0746\" data-element_type=\"widget\" data-e-type=\"widget\" data-widget_type=\"heading.default\">\n\t\t\t\t<div class=\"elementor-widget-container\">\n\t\t\t\t\t<h1 class=\"elementor-heading-title elementor-size-default\">Cuina<\/h1>\t\t\t\t<\/div>\n\t\t\t\t<\/div>\n\t\t\t\t\t<\/div>\n\t\t<\/div>\n\t\t\t\t\t<\/div>\n\t\t<\/section>\n\t\t\t\t\t<\/div>\n\t\t<\/div>\n\t\t\t\t\t<\/div>\n\t\t<\/section>\n\t\t\t\t<section class=\"elementor-section elementor-top-section elementor-element elementor-element-4cdf414 elementor-section-boxed elementor-section-height-default elementor-section-height-default\" data-id=\"4cdf414\" data-element_type=\"section\" data-e-type=\"section\">\n\t\t\t\t\t\t<div class=\"elementor-container elementor-column-gap-default\">\n\t\t\t\t\t<div class=\"elementor-column elementor-col-100 elementor-top-column elementor-element elementor-element-f2b6474\" data-id=\"f2b6474\" data-element_type=\"column\" data-e-type=\"column\">\n\t\t\t<div class=\"elementor-widget-wrap elementor-element-populated\">\n\t\t\t\t\t\t<div class=\"elementor-element elementor-element-4f9affe elementor-widget elementor-widget-spacer\" data-id=\"4f9affe\" data-element_type=\"widget\" data-e-type=\"widget\" data-widget_type=\"spacer.default\">\n\t\t\t\t<div class=\"elementor-widget-container\">\n\t\t\t\t\t\t\t<div class=\"elementor-spacer\">\n\t\t\t<div class=\"elementor-spacer-inner\"><\/div>\n\t\t<\/div>\n\t\t\t\t\t\t<\/div>\n\t\t\t\t<\/div>\n\t\t\t\t<div class=\"elementor-element elementor-element-bf045a0 elementor-widget elementor-widget-heading\" data-id=\"bf045a0\" data-element_type=\"widget\" data-e-type=\"widget\" data-widget_type=\"heading.default\">\n\t\t\t\t<div class=\"elementor-widget-container\">\n\t\t\t\t\t<h2 class=\"elementor-heading-title elementor-size-default\"><a href=\"http:\/\/casafabregas.cat\/\"><span>Inici<\/span><\/a><a href=\"http:\/\/casafabregas.cat\/installacions\/\"><span>\/Instal\u00b7lacions<\/span><\/a><span>&nbsp;\/Cuina<\/span><\/h2>\t\t\t\t<\/div>\n\t\t\t\t<\/div>\n\t\t\t\t\t<\/div>\n\t\t<\/div>\n\t\t\t\t\t<\/div>\n\t\t<\/section>\n\t\t\t\t<section class=\"elementor-section elementor-top-section elementor-element elementor-element-5af0b5e elementor-section-boxed elementor-section-height-default elementor-section-height-default\" data-id=\"5af0b5e\" data-element_type=\"section\" data-e-type=\"section\" data-settings=\"{&quot;background_background&quot;:&quot;classic&quot;}\">\n\t\t\t\t\t\t<div class=\"elementor-container elementor-column-gap-default\">\n\t\t\t\t\t<div class=\"elementor-column elementor-col-100 elementor-top-column elementor-element elementor-element-9fca63a\" data-id=\"9fca63a\" data-element_type=\"column\" data-e-type=\"column\">\n\t\t\t<div class=\"elementor-widget-wrap elementor-element-populated\">\n\t\t\t\t\t\t<div class=\"elementor-element elementor-element-e39a922 elementor-position-block-start elementor-tablet-position-block-start elementor-view-default elementor-mobile-position-block-start elementor-widget elementor-widget-icon-box\" data-id=\"e39a922\" data-element_type=\"widget\" data-e-type=\"widget\" data-widget_type=\"icon-box.default\">\n\t\t\t\t<div class=\"elementor-widget-container\">\n\t\t\t\t\t\t\t<div class=\"elementor-icon-box-wrapper\">\n\n\t\t\t\t\t\t<div class=\"elementor-icon-box-icon\">\n\t\t\t\t<span  class=\"elementor-icon\">\n\t\t\t\t<svg xmlns=\"http:\/\/www.w3.org\/2000\/svg\" xmlns:xlink=\"http:\/\/www.w3.org\/1999\/xlink\" id=\"Grupo_447\" data-name=\"Grupo 447\" width=\"71.178\" height=\"71.147\" viewBox=\"0 0 71.178 71.147\"><defs><clipPath id=\"clip-path\"><rect id=\"Rect&#xE1;ngulo_992\" data-name=\"Rect&#xE1;ngulo 992\" width=\"71.178\" height=\"71.147\" fill=\"#b2b2b2\"><\/rect><\/clipPath><\/defs><g id=\"Grupo_446\" data-name=\"Grupo 446\" clip-path=\"url(#clip-path)\"><path id=\"Trazado_463\" data-name=\"Trazado 463\" d=\"M0,112.974a1.856,1.856,0,0,1,1.89-.988c1.779.049,3.56.015,5.466.015a15.854,15.854,0,0,1-2.455-6.89,14.11,14.11,0,0,1-1.9-.783c-.212-.124-.318-.565-.332-.867-.038-.852.5-1.209,2.122-1.447.012-.206.032-.427.038-.648.032-1.106.521-1.587,1.644-1.592,1.39-.006,2.779,0,4.169,0H24.891c1.554,0,1.9.339,1.969,1.9,0,.111.027.221.019.157a13.749,13.749,0,0,1,1.852.848c.2.131.288.581.283.883-.016.858-.545,1.178-2.2,1.376a15.968,15.968,0,0,1-2.5,7.07h18.92c.208,0,.418-.01.625.008a1.383,1.383,0,0,1,.035,2.76,6.788,6.788,0,0,1-.694.011H31.746v11.627h36.6V114.781h-.71q-5.559,0-11.118,0a1.445,1.445,0,0,1-1.577-1.077,1.394,1.394,0,0,1,1.436-1.694c1.876-.019,3.752-.006,5.628-.006q3.718,0,7.435,0c1.24,0,1.724.486,1.724,1.729q0,20.773.013,41.545a1.82,1.82,0,0,1-.985,1.751H0V112.974m31.739,41.219H48.613V129.265H31.739Zm19.72.006H68.331V129.27H51.46ZM2.83,126.4H28.874V114.811H2.83Zm0,27.793H28.874V129.264H2.829Zm4.808-51.608a12.7,12.7,0,0,0,2.853,8.974,1.132,1.132,0,0,0,1,.453c2.478-.02,4.967-.145,7.431.038a3.112,3.112,0,0,0,3.243-1.833,12.978,12.978,0,0,0,1.877-7.633Z\" transform=\"translate(0 -85.88)\" fill=\"#b2b2b2\"><\/path><path id=\"Trazado_464\" data-name=\"Trazado 464\" d=\"M279.184,2.776c.679,0,1.256-.011,1.832,0a1.419,1.419,0,0,1,1.5,1.4A1.424,1.424,0,0,1,281,5.552c-.574.012-1.149,0-1.767,0-.016.228-.039.406-.039.583,0,2.085.012,4.169-.013,6.253a.744.744,0,0,0,.527.815,4.671,4.671,0,0,1,2.684,5.376,4.718,4.718,0,0,1-9.216-.119,4.651,4.651,0,0,1,2.688-5.25.786.786,0,0,0,.559-.868c-.025-2.038-.011-4.076-.011-6.114V5.591H265.845V6.606c0,1.922.011,3.845-.009,5.767a.743.743,0,0,0,.506.829,4.657,4.657,0,0,1,2.705,5.363,4.722,4.722,0,1,1-6.494-5.394c.207-.1.486-.347.489-.529.033-2.334.022-4.668.022-7.088h-15.6a5.335,5.335,0,0,1-.694-.017,1.383,1.383,0,0,1,.011-2.746,5.651,5.651,0,0,1,.694-.015h15.59c0-.47-.011-.9,0-1.331A1.381,1.381,0,0,1,264.438,0a1.408,1.408,0,0,1,1.4,1.427c.021.414,0,.831,0,1.3h10.569c0-.436-.012-.869,0-1.3A1.379,1.379,0,0,1,277.734,0a1.4,1.4,0,0,1,1.445,1.378c.028.435,0,.873,0,1.4M266.393,17.489a1.965,1.965,0,0,0-1.961-1.924,1.941,1.941,0,0,0,.032,3.881,1.966,1.966,0,0,0,1.929-1.957m11.392,1.957a1.941,1.941,0,1,0,.013-3.881,1.941,1.941,0,0,0-.013,3.881\" transform=\"translate(-211.368 0)\" fill=\"#b2b2b2\"><\/path><path id=\"Trazado_465\" data-name=\"Trazado 465\" d=\"M346.507,242.224c-.253,0-.509.02-.76,0a1.38,1.38,0,0,1,0-2.754,12.792,12.792,0,0,1,1.451-.009,1.386,1.386,0,1,1,0,2.77c-.23.011-.461,0-.691,0v-.006\" transform=\"translate(-296.502 -206.105)\" fill=\"#b2b2b2\"><\/path><path id=\"Trazado_466\" data-name=\"Trazado 466\" d=\"M350.815,190.422a1.385,1.385,0,1,1,1.4-1.331,1.4,1.4,0,0,1-1.4,1.331\" transform=\"translate(-300.796 -161.526)\" fill=\"#b2b2b2\"><\/path><path id=\"Trazado_467\" data-name=\"Trazado 467\" d=\"M307.759,388.353c-.015.3-.008.6-.049.9a1.348,1.348,0,0,1-1.33,1.181,1.311,1.311,0,0,1-1.355-1.146,8.841,8.841,0,0,1,0-1.867,1.311,1.311,0,0,1,1.353-1.148,1.347,1.347,0,0,1,1.334,1.177c.042.3.034.6.049.9\" transform=\"translate(-262.513 -332.494)\" fill=\"#b2b2b2\"><\/path><path id=\"Trazado_468\" data-name=\"Trazado 468\" d=\"M396.7,388.432a8.119,8.119,0,0,1-.065.859,1.352,1.352,0,0,1-1.365,1.143,1.318,1.318,0,0,1-1.323-1.183,10.117,10.117,0,0,1-.01-1.733,1.33,1.33,0,0,1,1.34-1.245,1.361,1.361,0,0,1,1.373,1.217c.042.3.034.6.051.941\" transform=\"translate(-339.064 -332.493)\" fill=\"#b2b2b2\"><\/path><path id=\"Trazado_469\" data-name=\"Trazado 469\" d=\"M57.306,242.324a1.385,1.385,0,1,1,1.4-1.331,1.4,1.4,0,0,1-1.4,1.331\" transform=\"translate(-48.152 -206.202)\" fill=\"#b2b2b2\"><\/path><path id=\"Trazado_470\" data-name=\"Trazado 470\" d=\"M105.215,242.323a1.385,1.385,0,1,1,1.414-1.32,1.4,1.4,0,0,1-1.414,1.32\" transform=\"translate(-89.4 -206.201)\" fill=\"#b2b2b2\"><\/path><path id=\"Trazado_471\" data-name=\"Trazado 471\" d=\"M153.173,239.556a1.385,1.385,0,1,1-1.393,1.342,1.4,1.4,0,0,1,1.393-1.342\" transform=\"translate(-130.648 -206.203)\" fill=\"#b2b2b2\"><\/path><path id=\"Trazado_472\" data-name=\"Trazado 472\" d=\"M60.5,337.669q0,4.235,0,8.47c0,1.3-.472,1.78-1.742,1.78q-8.541,0-17.083,0c-1.273,0-1.745-.483-1.745-1.777q0-8.5,0-17.01c0-1.317.472-1.779,1.811-1.779q8.472,0,16.944,0c1.367,0,1.815.457,1.816,1.845q0,4.235,0,8.47m-17.791,7.472c.58,0,1.088.037,1.587-.015a1.361,1.361,0,0,0,.773-.329q6.184-6.145,12.336-12.322a.928.928,0,0,0,.3-.51c.037-.592.014-1.187.014-1.831-1.533,0-2.987-.01-4.441.013a.883.883,0,0,0-.513.288q-4.9,4.878-9.772,9.777a.952.952,0,0,0-.27.589c-.023,1.411-.012,2.822-.012,4.34m14.949-.016v-8.62l-8.627,8.62Zm-14.923-8.809,6.139-6.142H42.737Z\" transform=\"translate(-34.37 -281.776)\" fill=\"#b2b2b2\"><\/path><\/g><\/svg>\t\t\t\t<\/span>\n\t\t\t<\/div>\n\t\t\t\n\t\t\t\t\t\t<div class=\"elementor-icon-box-content\">\n\n\t\t\t\t\t\t\t\t\t<h3 class=\"elementor-icon-box-title\">\n\t\t\t\t\t\t<span  >\n\t\t\t\t\t\t\tCuina\t\t\t\t\t\t<\/span>\n\t\t\t\t\t<\/h3>\n\t\t\t\t\n\t\t\t\t\n\t\t\t<\/div>\n\t\t\t\n\t\t<\/div>\n\t\t\t\t\t\t<\/div>\n\t\t\t\t<\/div>\n\t\t\t\t<section class=\"elementor-section elementor-inner-section elementor-element elementor-element-cc6fd22 elementor-section-full_width elementor-section-height-default elementor-section-height-default\" data-id=\"cc6fd22\" data-element_type=\"section\" data-e-type=\"section\">\n\t\t\t\t\t\t<div class=\"elementor-container elementor-column-gap-no\">\n\t\t\t\t\t<div class=\"elementor-column elementor-col-50 elementor-inner-column elementor-element elementor-element-3789437\" data-id=\"3789437\" data-element_type=\"column\" data-e-type=\"column\" data-settings=\"{&quot;background_background&quot;:&quot;classic&quot;}\">\n\t\t\t<div class=\"elementor-widget-wrap elementor-element-populated\">\n\t\t\t\t\t\t<div class=\"elementor-element elementor-element-4211cbd elementor-widget elementor-widget-text-editor\" data-id=\"4211cbd\" data-element_type=\"widget\" data-e-type=\"widget\" data-widget_type=\"text-editor.default\">\n\t\t\t\t<div class=\"elementor-widget-container\">\n\t\t\t\t\t\t\t\t\t<p>La nostra cuina est\u00e0 totalment equipada amb utensilis i electrodom\u00e8stics on nom\u00e9s es necessitar\u00e0 la vostra creativitat per a preparar un bon menjar al vostre gust.<\/p>\t\t\t\t\t\t\t\t<\/div>\n\t\t\t\t<\/div>\n\t\t\t\t\t<\/div>\n\t\t<\/div>\n\t\t\t\t<div class=\"elementor-column elementor-col-50 elementor-inner-column elementor-element elementor-element-057ddca\" data-id=\"057ddca\" data-element_type=\"column\" data-e-type=\"column\" data-settings=\"{&quot;background_background&quot;:&quot;classic&quot;}\">\n\t\t\t<div class=\"elementor-widget-wrap elementor-element-populated\">\n\t\t\t\t\t\t<div class=\"elementor-element elementor-element-c119012 elementor-widget elementor-widget-text-editor\" data-id=\"c119012\" data-element_type=\"widget\" data-e-type=\"widget\" data-widget_type=\"text-editor.default\">\n\t\t\t\t<div class=\"elementor-widget-container\">\n\t\t\t\t\t\t\t\t\t<p>La nostra cafetera \u00e9s l&#8217;OR Barista, la qual \u00e9s compatible amb diversos tipus de c\u00e0psules, incl\u00f2s la marca Nespresso (Excepte Nespresso vertuo).<\/p>\t\t\t\t\t\t\t\t<\/div>\n\t\t\t\t<\/div>\n\t\t\t\t\t<\/div>\n\t\t<\/div>\n\t\t\t\t\t<\/div>\n\t\t<\/section>\n\t\t\t\t\t<\/div>\n\t\t<\/div>\n\t\t\t\t\t<\/div>\n\t\t<\/section>\n\t\t\t\t<section class=\"elementor-section elementor-top-section elementor-element elementor-element-b00a994 elementor-section-full_width elementor-section-height-default elementor-section-height-default\" data-id=\"b00a994\" data-element_type=\"section\" data-e-type=\"section\">\n\t\t\t\t\t\t<div class=\"elementor-container elementor-column-gap-no\">\n\t\t\t\t\t<div class=\"elementor-column elementor-col-100 elementor-top-column elementor-element elementor-element-ff2cb43\" data-id=\"ff2cb43\" data-element_type=\"column\" data-e-type=\"column\">\n\t\t\t<div class=\"elementor-widget-wrap elementor-element-populated\">\n\t\t\t\t\t\t<section class=\"elementor-section elementor-inner-section elementor-element elementor-element-de9aef2 elementor-section-full_width elementor-section-height-default elementor-section-height-default\" data-id=\"de9aef2\" data-element_type=\"section\" data-e-type=\"section\">\n\t\t\t\t\t\t<div class=\"elementor-container elementor-column-gap-no\">\n\t\t\t\t\t<div class=\"elementor-column elementor-col-100 elementor-inner-column elementor-element elementor-element-10f71a6\" data-id=\"10f71a6\" data-element_type=\"column\" data-e-type=\"column\">\n\t\t\t<div class=\"elementor-widget-wrap elementor-element-populated\">\n\t\t\t\t\t\t<div class=\"elementor-element elementor-element-04bbd99 elementor--h-position-center elementor--v-position-middle elementor-arrows-position-inside elementor-pagination-position-inside elementor-widget elementor-widget-slides\" data-id=\"04bbd99\" data-element_type=\"widget\" data-e-type=\"widget\" data-settings=\"{&quot;navigation&quot;:&quot;both&quot;,&quot;autoplay&quot;:&quot;yes&quot;,&quot;pause_on_hover&quot;:&quot;yes&quot;,&quot;pause_on_interaction&quot;:&quot;yes&quot;,&quot;autoplay_speed&quot;:5000,&quot;infinite&quot;:&quot;yes&quot;,&quot;transition&quot;:&quot;slide&quot;,&quot;transition_speed&quot;:500}\" data-widget_type=\"slides.default\">\n\t\t\t\t<div class=\"elementor-widget-container\">\n\t\t\t\t\t\t\t\t\t<div class=\"elementor-swiper\">\n\t\t\t\t\t<div class=\"elementor-slides-wrapper elementor-main-swiper swiper\" role=\"region\" aria-roledescription=\"carousel\" aria-label=\"Diapositives\" dir=\"ltr\" data-animation=\"\">\n\t\t\t\t<div class=\"swiper-wrapper elementor-slides\">\n\t\t\t\t\t\t\t\t\t\t<div class=\"elementor-repeater-item-c936d3f swiper-slide\" role=\"group\" aria-roledescription=\"slide\"><div class=\"swiper-slide-bg\" role=\"img\" aria-label=\"F0610_20230210_050\"><\/div><div class=\"elementor-background-overlay\"><\/div><div class=\"swiper-slide-inner\" ><div class=\"swiper-slide-contents\"><\/div><\/div><\/div><div class=\"elementor-repeater-item-bf03a7e swiper-slide\" role=\"group\" aria-roledescription=\"slide\"><div class=\"swiper-slide-bg\" role=\"img\" aria-label=\"F0610_20230210_053\"><\/div><div class=\"elementor-background-overlay\"><\/div><div class=\"swiper-slide-inner\" ><div class=\"swiper-slide-contents\"><\/div><\/div><\/div>\t\t\t\t<\/div>\n\t\t\t\t\t\t\t\t\t\t\t\t\t\t\t<div class=\"elementor-swiper-button elementor-swiper-button-prev\" role=\"button\" tabindex=\"0\" aria-label=\"Diapositiva anterior\">\n\t\t\t\t\t\t\t<i aria-hidden=\"true\" class=\"eicon-chevron-left\"><\/i>\t\t\t\t\t\t<\/div>\n\t\t\t\t\t\t<div class=\"elementor-swiper-button elementor-swiper-button-next\" role=\"button\" tabindex=\"0\" aria-label=\"Diapositiva seg\u00fcent\">\n\t\t\t\t\t\t\t<i aria-hidden=\"true\" class=\"eicon-chevron-right\"><\/i>\t\t\t\t\t\t<\/div>\n\t\t\t\t\t\t\t\t\t\t\t\t\t\t\t\t<div class=\"swiper-pagination\"><\/div>\n\t\t\t\t\t\t\t\t\t\t\t\t<\/div>\n\t\t\t\t<\/div>\n\t\t\t\t\t\t\t\t<\/div>\n\t\t\t\t<\/div>\n\t\t\t\t\t<\/div>\n\t\t<\/div>\n\t\t\t\t\t<\/div>\n\t\t<\/section>\n\t\t\t\t\t<\/div>\n\t\t<\/div>\n\t\t\t\t\t<\/div>\n\t\t<\/section>\n\t\t\t\t<\/div>\n\t\t","protected":false},"excerpt":{"rendered":"<p>VINE A GAUDIR A CASA F\u00c0BREGAS Cuina Inici\/Instal\u00b7lacions&nbsp;\/Cuina Cuina La nostra cuina est\u00e0 totalment equipada amb utensilis i electrodom\u00e8stics on nom\u00e9s es necessitar\u00e0 la vostra creativitat per a preparar un bon menjar al vostre gust. La nostra cafetera \u00e9s l&#8217;OR Barista, la qual \u00e9s compatible amb diversos tipus de c\u00e0psules, incl\u00f2s la marca Nespresso (Excepte [&hellip;]<\/p>\n","protected":false},"author":5,"featured_media":0,"parent":0,"menu_order":0,"comment_status":"closed","ping_status":"closed","template":"","meta":{"footnotes":""},"class_list":["post-1304","page","type-page","status-publish","hentry"],"yoast_head":"<!-- This site is optimized with the Yoast SEO plugin v27.5 - https:\/\/yoast.com\/product\/yoast-seo-wordpress\/ -->\n<title>Cuina - casafabregas<\/title>\n<meta name=\"robots\" content=\"index, follow, max-snippet:-1, max-image-preview:large, max-video-preview:-1\" \/>\n<link rel=\"canonical\" href=\"https:\/\/casafabregas.cat\/en\/kitchen\/\" \/>\n<meta property=\"og:locale\" content=\"en_GB\" \/>\n<meta property=\"og:type\" content=\"article\" \/>\n<meta property=\"og:title\" content=\"Cuina - casafabregas\" \/>\n<meta property=\"og:description\" content=\"VINE A GAUDIR A CASA F\u00c0BREGAS Cuina Inici\/Instal\u00b7lacions&nbsp;\/Cuina Cuina La nostra cuina est\u00e0 totalment equipada amb utensilis i electrodom\u00e8stics on nom\u00e9s es necessitar\u00e0 la vostra creativitat per a preparar un bon menjar al vostre gust. La nostra cafetera \u00e9s l&#8217;OR Barista, la qual \u00e9s compatible amb diversos tipus de c\u00e0psules, incl\u00f2s la marca Nespresso (Excepte [&hellip;]\" \/>\n<meta property=\"og:url\" content=\"https:\/\/casafabregas.cat\/en\/kitchen\/\" \/>\n<meta property=\"og:site_name\" content=\"casafabregas\" \/>\n<meta property=\"article:modified_time\" content=\"2023-03-20T12:22:57+00:00\" \/>\n<meta name=\"twitter:card\" content=\"summary_large_image\" \/>\n<script type=\"application\/ld+json\" class=\"yoast-schema-graph\">{\"@context\":\"https:\\\/\\\/schema.org\",\"@graph\":[{\"@type\":\"WebPage\",\"@id\":\"https:\\\/\\\/casafabregas.cat\\\/en\\\/kitchen\\\/\",\"url\":\"https:\\\/\\\/casafabregas.cat\\\/en\\\/kitchen\\\/\",\"name\":\"Cuina - casafabregas\",\"isPartOf\":{\"@id\":\"https:\\\/\\\/casafabregas.cat\\\/es\\\/#website\"},\"datePublished\":\"2023-03-16T10:57:04+00:00\",\"dateModified\":\"2023-03-20T12:22:57+00:00\",\"breadcrumb\":{\"@id\":\"https:\\\/\\\/casafabregas.cat\\\/en\\\/kitchen\\\/#breadcrumb\"},\"inLanguage\":\"en-GB\",\"potentialAction\":[{\"@type\":\"ReadAction\",\"target\":[\"https:\\\/\\\/casafabregas.cat\\\/en\\\/kitchen\\\/\"]}]},{\"@type\":\"BreadcrumbList\",\"@id\":\"https:\\\/\\\/casafabregas.cat\\\/en\\\/kitchen\\\/#breadcrumb\",\"itemListElement\":[{\"@type\":\"ListItem\",\"position\":1,\"name\":\"Portada\",\"item\":\"https:\\\/\\\/casafabregas.cat\\\/\"},{\"@type\":\"ListItem\",\"position\":2,\"name\":\"Cuina\"}]},{\"@type\":\"WebSite\",\"@id\":\"https:\\\/\\\/casafabregas.cat\\\/es\\\/#website\",\"url\":\"https:\\\/\\\/casafabregas.cat\\\/es\\\/\",\"name\":\"casafabregas\",\"description\":\"\",\"publisher\":{\"@id\":\"https:\\\/\\\/casafabregas.cat\\\/es\\\/#organization\"},\"potentialAction\":[{\"@type\":\"SearchAction\",\"target\":{\"@type\":\"EntryPoint\",\"urlTemplate\":\"https:\\\/\\\/casafabregas.cat\\\/es\\\/?s={search_term_string}\"},\"query-input\":{\"@type\":\"PropertyValueSpecification\",\"valueRequired\":true,\"valueName\":\"search_term_string\"}}],\"inLanguage\":\"en-GB\"},{\"@type\":\"Organization\",\"@id\":\"https:\\\/\\\/casafabregas.cat\\\/es\\\/#organization\",\"name\":\"casafabregas\",\"url\":\"https:\\\/\\\/casafabregas.cat\\\/es\\\/\",\"logo\":{\"@type\":\"ImageObject\",\"inLanguage\":\"en-GB\",\"@id\":\"https:\\\/\\\/casafabregas.cat\\\/es\\\/#\\\/schema\\\/logo\\\/image\\\/\",\"url\":\"https:\\\/\\\/casafabregas.cat\\\/wp-content\\\/uploads\\\/2023\\\/01\\\/Marca-Casa-Fabregas-blanc.png\",\"contentUrl\":\"https:\\\/\\\/casafabregas.cat\\\/wp-content\\\/uploads\\\/2023\\\/01\\\/Marca-Casa-Fabregas-blanc.png\",\"width\":2402,\"height\":1134,\"caption\":\"casafabregas\"},\"image\":{\"@id\":\"https:\\\/\\\/casafabregas.cat\\\/es\\\/#\\\/schema\\\/logo\\\/image\\\/\"}}]}<\/script>\n<!-- \/ Yoast SEO plugin. -->","yoast_head_json":{"title":"Kitchen - Casafabregas","robots":{"index":"index","follow":"follow","max-snippet":"max-snippet:-1","max-image-preview":"max-image-preview:large","max-video-preview":"max-video-preview:-1"},"canonical":"https:\/\/casafabregas.cat\/en\/kitchen\/","og_locale":"en_GB","og_type":"article","og_title":"Cuina - casafabregas","og_description":"VINE A GAUDIR A CASA F\u00c0BREGAS Cuina Inici\/Instal\u00b7lacions&nbsp;\/Cuina Cuina La nostra cuina est\u00e0 totalment equipada amb utensilis i electrodom\u00e8stics on nom\u00e9s es necessitar\u00e0 la vostra creativitat per a preparar un bon menjar al vostre gust. La nostra cafetera \u00e9s l&#8217;OR Barista, la qual \u00e9s compatible amb diversos tipus de c\u00e0psules, incl\u00f2s la marca Nespresso (Excepte [&hellip;]","og_url":"https:\/\/casafabregas.cat\/en\/kitchen\/","og_site_name":"casafabregas","article_modified_time":"2023-03-20T12:22:57+00:00","twitter_card":"summary_large_image","schema":{"@context":"https:\/\/schema.org","@graph":[{"@type":"WebPage","@id":"https:\/\/casafabregas.cat\/en\/kitchen\/","url":"https:\/\/casafabregas.cat\/en\/kitchen\/","name":"Kitchen - Casafabregas","isPartOf":{"@id":"https:\/\/casafabregas.cat\/es\/#website"},"datePublished":"2023-03-16T10:57:04+00:00","dateModified":"2023-03-20T12:22:57+00:00","breadcrumb":{"@id":"https:\/\/casafabregas.cat\/en\/kitchen\/#breadcrumb"},"inLanguage":"en-GB","potentialAction":[{"@type":"ReadAction","target":["https:\/\/casafabregas.cat\/en\/kitchen\/"]}]},{"@type":"BreadcrumbList","@id":"https:\/\/casafabregas.cat\/en\/kitchen\/#breadcrumb","itemListElement":[{"@type":"ListItem","position":1,"name":"Portada","item":"https:\/\/casafabregas.cat\/"},{"@type":"ListItem","position":2,"name":"Cuina"}]},{"@type":"WebSite","@id":"https:\/\/casafabregas.cat\/es\/#website","url":"https:\/\/casafabregas.cat\/es\/","name":"casafabregas","description":"","publisher":{"@id":"https:\/\/casafabregas.cat\/es\/#organization"},"potentialAction":[{"@type":"SearchAction","target":{"@type":"EntryPoint","urlTemplate":"https:\/\/casafabregas.cat\/es\/?s={search_term_string}"},"query-input":{"@type":"PropertyValueSpecification","valueRequired":true,"valueName":"search_term_string"}}],"inLanguage":"en-GB"},{"@type":"Organization","@id":"https:\/\/casafabregas.cat\/es\/#organization","name":"casafabregas","url":"https:\/\/casafabregas.cat\/es\/","logo":{"@type":"ImageObject","inLanguage":"en-GB","@id":"https:\/\/casafabregas.cat\/es\/#\/schema\/logo\/image\/","url":"https:\/\/casafabregas.cat\/wp-content\/uploads\/2023\/01\/Marca-Casa-Fabregas-blanc.png","contentUrl":"https:\/\/casafabregas.cat\/wp-content\/uploads\/2023\/01\/Marca-Casa-Fabregas-blanc.png","width":2402,"height":1134,"caption":"casafabregas"},"image":{"@id":"https:\/\/casafabregas.cat\/es\/#\/schema\/logo\/image\/"}}]}},"_links":{"self":[{"href":"https:\/\/casafabregas.cat\/en\/wp-json\/wp\/v2\/pages\/1304","targetHints":{"allow":["GET"]}}],"collection":[{"href":"https:\/\/casafabregas.cat\/en\/wp-json\/wp\/v2\/pages"}],"about":[{"href":"https:\/\/casafabregas.cat\/en\/wp-json\/wp\/v2\/types\/page"}],"author":[{"embeddable":true,"href":"https:\/\/casafabregas.cat\/en\/wp-json\/wp\/v2\/users\/5"}],"replies":[{"embeddable":true,"href":"https:\/\/casafabregas.cat\/en\/wp-json\/wp\/v2\/comments?post=1304"}],"version-history":[{"count":23,"href":"https:\/\/casafabregas.cat\/en\/wp-json\/wp\/v2\/pages\/1304\/revisions"}],"predecessor-version":[{"id":1471,"href":"https:\/\/casafabregas.cat\/en\/wp-json\/wp\/v2\/pages\/1304\/revisions\/1471"}],"wp:attachment":[{"href":"https:\/\/casafabregas.cat\/en\/wp-json\/wp\/v2\/media?parent=1304"}],"curies":[{"name":"wp","href":"https:\/\/api.w.org\/{rel}","templated":true}]}}