{"id":43,"date":"2023-01-25T12:26:47","date_gmt":"2023-01-25T12:26:47","guid":{"rendered":"http:\/\/casafabregas.cat\/bo-de-bo\/"},"modified":"2023-09-29T11:33:04","modified_gmt":"2023-09-29T11:33:04","slug":"casa-fabregas","status":"publish","type":"page","link":"https:\/\/casafabregas.cat\/es\/casa-fabregas\/","title":{"rendered":"Casa F\u00e0bregas"},"content":{"rendered":"\t\t<div data-elementor-type=\"wp-page\" data-elementor-id=\"43\" class=\"elementor elementor-43\" data-elementor-post-type=\"page\">\n\t\t\t\t\t\t<section class=\"elementor-section elementor-top-section elementor-element elementor-element-8d2b45e elementor-section-full_width elementor-section-height-min-height elementor-section-height-default elementor-section-items-middle\" data-id=\"8d2b45e\" data-element_type=\"section\" data-e-type=\"section\" data-settings=\"{&quot;background_background&quot;:&quot;slideshow&quot;,&quot;background_slideshow_gallery&quot;:[{&quot;id&quot;:1056,&quot;url&quot;:&quot;http:\\\/\\\/casafabregas.cat\\\/wp-content\\\/uploads\\\/2023\\\/03\\\/F0610_20230210_031-1-scaled.jpg&quot;},{&quot;id&quot;:1054,&quot;url&quot;:&quot;http:\\\/\\\/casafabregas.cat\\\/wp-content\\\/uploads\\\/2023\\\/03\\\/F0610_20230210_022-1-scaled.jpg&quot;},{&quot;id&quot;:1076,&quot;url&quot;:&quot;http:\\\/\\\/casafabregas.cat\\\/wp-content\\\/uploads\\\/2023\\\/03\\\/WhatsApp-Image-2023-03-03-at-00.04.35-1-1.jpeg&quot;}],&quot;background_slideshow_transition_duration&quot;:700,&quot;background_slideshow_ken_burns&quot;:&quot;yes&quot;,&quot;background_slideshow_loop&quot;:&quot;yes&quot;,&quot;background_slideshow_slide_duration&quot;:5000,&quot;background_slideshow_slide_transition&quot;:&quot;fade&quot;,&quot;background_slideshow_ken_burns_zoom_direction&quot;:&quot;in&quot;}\">\n\t\t\t\t\t\t\t<div class=\"elementor-background-overlay\"><\/div>\n\t\t\t\t\t\t\t<div class=\"elementor-container elementor-column-gap-no\">\n\t\t\t\t\t<div class=\"elementor-column elementor-col-100 elementor-top-column elementor-element elementor-element-01cd737\" data-id=\"01cd737\" data-element_type=\"column\" data-e-type=\"column\">\n\t\t\t<div class=\"elementor-widget-wrap elementor-element-populated\">\n\t\t\t\t\t\t<section class=\"elementor-section elementor-inner-section elementor-element elementor-element-b10bda7 elementor-section-full_width elementor-section-height-default elementor-section-height-default\" data-id=\"b10bda7\" data-element_type=\"section\" data-e-type=\"section\">\n\t\t\t\t\t\t<div class=\"elementor-container elementor-column-gap-default\">\n\t\t\t\t\t<div class=\"elementor-column elementor-col-100 elementor-inner-column elementor-element elementor-element-f6eb1e8\" data-id=\"f6eb1e8\" data-element_type=\"column\" data-e-type=\"column\">\n\t\t\t<div class=\"elementor-widget-wrap elementor-element-populated\">\n\t\t\t\t\t\t<div class=\"elementor-element elementor-element-065c919 elementor-absolute elementor-widget elementor-widget-heading\" data-id=\"065c919\" data-element_type=\"widget\" data-e-type=\"widget\" data-settings=\"{&quot;_position&quot;:&quot;absolute&quot;}\" data-widget_type=\"heading.default\">\n\t\t\t\t<div class=\"elementor-widget-container\">\n\t\t\t\t\t<h2 class=\"elementor-heading-title elementor-size-default\">VINE A GAUDIR A CASA F\u00c0BREGAS<\/h2>\t\t\t\t<\/div>\n\t\t\t\t<\/div>\n\t\t\t\t<div class=\"elementor-element elementor-element-5bdb47e elementor-widget elementor-widget-spacer\" data-id=\"5bdb47e\" data-element_type=\"widget\" data-e-type=\"widget\" data-widget_type=\"spacer.default\">\n\t\t\t\t<div class=\"elementor-widget-container\">\n\t\t\t\t\t\t\t<div class=\"elementor-spacer\">\n\t\t\t<div class=\"elementor-spacer-inner\"><\/div>\n\t\t<\/div>\n\t\t\t\t\t\t<\/div>\n\t\t\t\t<\/div>\n\t\t\t\t<div class=\"elementor-element elementor-element-26da475 elementor-widget elementor-widget-heading\" data-id=\"26da475\" data-element_type=\"widget\" data-e-type=\"widget\" data-widget_type=\"heading.default\">\n\t\t\t\t<div class=\"elementor-widget-container\">\n\t\t\t\t\t<h1 class=\"elementor-heading-title elementor-size-default\">Casa F\u00e0bregas<\/h1>\t\t\t\t<\/div>\n\t\t\t\t<\/div>\n\t\t\t\t\t<\/div>\n\t\t<\/div>\n\t\t\t\t\t<\/div>\n\t\t<\/section>\n\t\t\t\t\t<\/div>\n\t\t<\/div>\n\t\t\t\t\t<\/div>\n\t\t<\/section>\n\t\t\t\t<section class=\"elementor-section elementor-top-section elementor-element elementor-element-f8be812 elementor-section-height-min-height elementor-section-boxed elementor-section-height-default elementor-section-items-middle\" data-id=\"f8be812\" data-element_type=\"section\" data-e-type=\"section\">\n\t\t\t\t\t\t<div class=\"elementor-container elementor-column-gap-no\">\n\t\t\t\t\t<div class=\"elementor-column elementor-col-100 elementor-top-column elementor-element elementor-element-bc715a2\" data-id=\"bc715a2\" data-element_type=\"column\" data-e-type=\"column\">\n\t\t\t<div class=\"elementor-widget-wrap elementor-element-populated\">\n\t\t\t\t\t\t<div class=\"elementor-element elementor-element-8a6e656 elementor-widget elementor-widget-heading\" data-id=\"8a6e656\" data-element_type=\"widget\" data-e-type=\"widget\" data-widget_type=\"heading.default\">\n\t\t\t\t<div class=\"elementor-widget-container\">\n\t\t\t\t\t<h2 class=\"elementor-heading-title elementor-size-default\"><a href=\"http:\/\/casafabregas.cat\/\"><span>Inici<\/span><\/a><span>&nbsp;\/ Casa f\u00e0bregas<\/span><\/h2>\t\t\t\t<\/div>\n\t\t\t\t<\/div>\n\t\t\t\t\t<\/div>\n\t\t<\/div>\n\t\t\t\t\t<\/div>\n\t\t<\/section>\n\t\t\t\t<section class=\"elementor-section elementor-top-section elementor-element elementor-element-630cb8f elementor-section-full_width elementor-section-height-min-height elementor-section-height-default elementor-section-items-middle\" data-id=\"630cb8f\" data-element_type=\"section\" data-e-type=\"section\" data-settings=\"{&quot;background_background&quot;:&quot;classic&quot;}\">\n\t\t\t\t\t\t\t<div class=\"elementor-background-overlay\"><\/div>\n\t\t\t\t\t\t\t<div class=\"elementor-container elementor-column-gap-no\">\n\t\t\t\t\t<div class=\"elementor-column elementor-col-100 elementor-top-column elementor-element elementor-element-1c1ac7e\" data-id=\"1c1ac7e\" data-element_type=\"column\" data-e-type=\"column\">\n\t\t\t<div class=\"elementor-widget-wrap elementor-element-populated\">\n\t\t\t\t\t\t<div class=\"elementor-element elementor-element-c12deaf elementor-widget elementor-widget-spacer\" data-id=\"c12deaf\" data-element_type=\"widget\" data-e-type=\"widget\" data-widget_type=\"spacer.default\">\n\t\t\t\t<div class=\"elementor-widget-container\">\n\t\t\t\t\t\t\t<div class=\"elementor-spacer\">\n\t\t\t<div class=\"elementor-spacer-inner\"><\/div>\n\t\t<\/div>\n\t\t\t\t\t\t<\/div>\n\t\t\t\t<\/div>\n\t\t\t\t<section class=\"elementor-section elementor-inner-section elementor-element elementor-element-35346c9 elementor-section-boxed elementor-section-height-default elementor-section-height-default\" data-id=\"35346c9\" data-element_type=\"section\" data-e-type=\"section\">\n\t\t\t\t\t\t<div class=\"elementor-container elementor-column-gap-no\">\n\t\t\t\t\t<div class=\"elementor-column elementor-col-100 elementor-inner-column elementor-element elementor-element-fc9de7a\" data-id=\"fc9de7a\" data-element_type=\"column\" data-e-type=\"column\" data-settings=\"{&quot;background_background&quot;:&quot;classic&quot;}\">\n\t\t\t<div class=\"elementor-widget-wrap elementor-element-populated\">\n\t\t\t\t\t\t<div class=\"elementor-element elementor-element-e731125 elementor-widget-divider--view-line_text elementor-widget-divider--element-align-right elementor-widget elementor-widget-divider\" data-id=\"e731125\" data-element_type=\"widget\" data-e-type=\"widget\" data-widget_type=\"divider.default\">\n\t\t\t\t<div class=\"elementor-widget-container\">\n\t\t\t\t\t\t\t<div class=\"elementor-divider\">\n\t\t\t<span class=\"elementor-divider-separator\">\n\t\t\t\t\t\t\t<span class=\"elementor-divider__text elementor-divider__element\">\n\t\t\t\tBENVINGUTS\t\t\t\t<\/span>\n\t\t\t\t\t\t<\/span>\n\t\t<\/div>\n\t\t\t\t\t\t<\/div>\n\t\t\t\t<\/div>\n\t\t\t\t<div class=\"elementor-element elementor-element-e7baa72 elementor-widget elementor-widget-heading\" data-id=\"e7baa72\" data-element_type=\"widget\" data-e-type=\"widget\" data-widget_type=\"heading.default\">\n\t\t\t\t<div class=\"elementor-widget-container\">\n\t\t\t\t\t<h2 class=\"elementor-heading-title elementor-size-default\">Casa F\u00e0bregas<\/h2>\t\t\t\t<\/div>\n\t\t\t\t<\/div>\n\t\t\t\t<div class=\"elementor-element elementor-element-97255fc elementor-widget elementor-widget-spacer\" data-id=\"97255fc\" data-element_type=\"widget\" data-e-type=\"widget\" data-widget_type=\"spacer.default\">\n\t\t\t\t<div class=\"elementor-widget-container\">\n\t\t\t\t\t\t\t<div class=\"elementor-spacer\">\n\t\t\t<div class=\"elementor-spacer-inner\"><\/div>\n\t\t<\/div>\n\t\t\t\t\t\t<\/div>\n\t\t\t\t<\/div>\n\t\t\t\t<div class=\"elementor-element elementor-element-8972bc9 elementor-widget elementor-widget-heading\" data-id=\"8972bc9\" data-element_type=\"widget\" data-e-type=\"widget\" data-widget_type=\"heading.default\">\n\t\t\t\t<div class=\"elementor-widget-container\">\n\t\t\t\t\t<h2 class=\"elementor-heading-title elementor-size-default\">GAUDEIX DE L'EXPERI\u00c8NCIA<\/h2>\t\t\t\t<\/div>\n\t\t\t\t<\/div>\n\t\t\t\t<div class=\"elementor-element elementor-element-2c84c49 elementor-widget elementor-widget-spacer\" data-id=\"2c84c49\" data-element_type=\"widget\" data-e-type=\"widget\" data-widget_type=\"spacer.default\">\n\t\t\t\t<div class=\"elementor-widget-container\">\n\t\t\t\t\t\t\t<div class=\"elementor-spacer\">\n\t\t\t<div class=\"elementor-spacer-inner\"><\/div>\n\t\t<\/div>\n\t\t\t\t\t\t<\/div>\n\t\t\t\t<\/div>\n\t\t\t\t<div class=\"elementor-element elementor-element-c38f611 elementor-widget elementor-widget-text-editor\" data-id=\"c38f611\" data-element_type=\"widget\" data-e-type=\"widget\" data-widget_type=\"text-editor.default\">\n\t\t\t\t<div class=\"elementor-widget-container\">\n\t\t\t\t\t\t\t\t\t<p><span style=\"font-size: 20px; color: var( --e-global-color-0fa9b0e );\">Casa F\u00e0bregas \u00e9s un <strong>edifici civil<\/strong> (residencial) de planta rectangular (13&#215;15), coberta a dos vessants, amb el carener paral\u00b7lel a la fa\u00e7ana situada a migdia; consta de planta i dos pisos. La fa\u00e7ana S presenta un portal d&#8217;arc rebaixat, amb la dovella central datada (1891), i cinc finestres de mides diverses a la planta; dos balcons i tres finestres al primer pis; i quatre finestres al segon.\u00a0<\/span><\/p><p><span style=\"color: var( --e-global-color-0fa9b0e ); font-family: var( --e-global-typography-63400b6-font-family ), Sans-serif; font-size: var( --e-global-typography-63400b6-font-size ); letter-spacing: var( --e-global-typography-63400b6-letter-spacing ); word-spacing: var( --e-global-typography-63400b6-word-spacing );\">La capella adossada a la fa\u00e7ana E presenta, en aquesta part, portal d\u2019arc apuntat amb dovella central datada (1816), \u00f2cul i espadanya (1944). La fa\u00e7ana E presenta el cos adossat de la capella i dues finestres a la planta; dues finestres al primer pis i cinc badius al segon.\u00a0<\/span><\/p><p><span style=\"color: var( --e-global-color-0fa9b0e ); font-family: var( --e-global-typography-63400b6-font-family ), Sans-serif; font-size: var( --e-global-typography-63400b6-font-size ); letter-spacing: var( --e-global-typography-63400b6-letter-spacing ); word-spacing: var( --e-global-typography-63400b6-word-spacing );\">La fa\u00e7ana N disposa de dos portals i quatre finestres a la planta, tres finestres i dos balcons al primer pis i cinc finestres al segon.\u00a0<\/span><\/p><p><span style=\"color: var( --e-global-color-0fa9b0e ); font-family: var( --e-global-typography-63400b6-font-family ), Sans-serif; font-size: var( --e-global-typography-63400b6-font-size ); letter-spacing: var( --e-global-typography-63400b6-letter-spacing ); word-spacing: var( --e-global-typography-63400b6-word-spacing );\">La fa\u00e7ana O, un portal i dues finestres a la planta, tres balcons al primer pis, quatre finestres al segon, i un \u00f2cul sota el carener. La casa est\u00e0 situada prop de la conflu\u00e8ncia d\u2019un petit torrent, amb la riera Major en un sector enlairat.<\/span><\/p>\t\t\t\t\t\t\t\t<\/div>\n\t\t\t\t<\/div>\n\t\t\t\t\t<\/div>\n\t\t<\/div>\n\t\t\t\t\t<\/div>\n\t\t<\/section>\n\t\t\t\t\t<\/div>\n\t\t<\/div>\n\t\t\t\t\t<\/div>\n\t\t<\/section>\n\t\t\t\t<\/div>\n\t\t","protected":false},"excerpt":{"rendered":"<p>Historia de casa F\u00e0bregas<\/p>","protected":false},"author":5,"featured_media":0,"parent":0,"menu_order":0,"comment_status":"closed","ping_status":"closed","template":"","meta":{"footnotes":""},"class_list":["post-43","page","type-page","status-publish","hentry"],"yoast_head":"<!-- This site is optimized with the Yoast SEO plugin v27.5 - https:\/\/yoast.com\/product\/yoast-seo-wordpress\/ -->\n<title>Casa F\u00e0bregas - casafabregas<\/title>\n<meta name=\"description\" content=\"P\u00e0gina de casa F\u00e0bregas, turisme rural a la natura.\" \/>\n<meta name=\"robots\" content=\"index, follow, max-snippet:-1, max-image-preview:large, max-video-preview:-1\" \/>\n<link rel=\"canonical\" href=\"https:\/\/casafabregas.cat\/es\/casa-fabregas\/\" \/>\n<meta property=\"og:locale\" content=\"es_ES\" \/>\n<meta property=\"og:type\" content=\"article\" \/>\n<meta property=\"og:title\" content=\"Casa F\u00e0bregas - casafabregas\" \/>\n<meta property=\"og:description\" content=\"P\u00e0gina de casa F\u00e0bregas, turisme rural a la natura.\" \/>\n<meta property=\"og:url\" content=\"https:\/\/casafabregas.cat\/es\/casa-fabregas\/\" \/>\n<meta property=\"og:site_name\" content=\"casafabregas\" \/>\n<meta property=\"article:modified_time\" content=\"2023-09-29T11:33:04+00:00\" \/>\n<meta name=\"twitter:card\" content=\"summary_large_image\" \/>\n<meta name=\"twitter:label1\" content=\"Tiempo de lectura\" \/>\n\t<meta name=\"twitter:data1\" content=\"2 minutos\" \/>\n<script type=\"application\/ld+json\" class=\"yoast-schema-graph\">{\"@context\":\"https:\\\/\\\/schema.org\",\"@graph\":[{\"@type\":\"WebPage\",\"@id\":\"https:\\\/\\\/casafabregas.cat\\\/es\\\/casa-fabregas\\\/\",\"url\":\"https:\\\/\\\/casafabregas.cat\\\/es\\\/casa-fabregas\\\/\",\"name\":\"Casa F\u00e0bregas - casafabregas\",\"isPartOf\":{\"@id\":\"https:\\\/\\\/casafabregas.cat\\\/es\\\/#website\"},\"datePublished\":\"2023-01-25T12:26:47+00:00\",\"dateModified\":\"2023-09-29T11:33:04+00:00\",\"description\":\"P\u00e0gina de casa F\u00e0bregas, turisme rural a la natura.\",\"breadcrumb\":{\"@id\":\"https:\\\/\\\/casafabregas.cat\\\/es\\\/casa-fabregas\\\/#breadcrumb\"},\"inLanguage\":\"es\",\"potentialAction\":[{\"@type\":\"ReadAction\",\"target\":[\"https:\\\/\\\/casafabregas.cat\\\/es\\\/casa-fabregas\\\/\"]}]},{\"@type\":\"BreadcrumbList\",\"@id\":\"https:\\\/\\\/casafabregas.cat\\\/es\\\/casa-fabregas\\\/#breadcrumb\",\"itemListElement\":[{\"@type\":\"ListItem\",\"position\":1,\"name\":\"Portada\",\"item\":\"https:\\\/\\\/casafabregas.cat\\\/\"},{\"@type\":\"ListItem\",\"position\":2,\"name\":\"Casa F\u00e0bregas\"}]},{\"@type\":\"WebSite\",\"@id\":\"https:\\\/\\\/casafabregas.cat\\\/es\\\/#website\",\"url\":\"https:\\\/\\\/casafabregas.cat\\\/es\\\/\",\"name\":\"casafabregas\",\"description\":\"\",\"publisher\":{\"@id\":\"https:\\\/\\\/casafabregas.cat\\\/es\\\/#organization\"},\"potentialAction\":[{\"@type\":\"SearchAction\",\"target\":{\"@type\":\"EntryPoint\",\"urlTemplate\":\"https:\\\/\\\/casafabregas.cat\\\/es\\\/?s={search_term_string}\"},\"query-input\":{\"@type\":\"PropertyValueSpecification\",\"valueRequired\":true,\"valueName\":\"search_term_string\"}}],\"inLanguage\":\"es\"},{\"@type\":\"Organization\",\"@id\":\"https:\\\/\\\/casafabregas.cat\\\/es\\\/#organization\",\"name\":\"casafabregas\",\"url\":\"https:\\\/\\\/casafabregas.cat\\\/es\\\/\",\"logo\":{\"@type\":\"ImageObject\",\"inLanguage\":\"es\",\"@id\":\"https:\\\/\\\/casafabregas.cat\\\/es\\\/#\\\/schema\\\/logo\\\/image\\\/\",\"url\":\"https:\\\/\\\/casafabregas.cat\\\/wp-content\\\/uploads\\\/2023\\\/01\\\/Marca-Casa-Fabregas-blanc.png\",\"contentUrl\":\"https:\\\/\\\/casafabregas.cat\\\/wp-content\\\/uploads\\\/2023\\\/01\\\/Marca-Casa-Fabregas-blanc.png\",\"width\":2402,\"height\":1134,\"caption\":\"casafabregas\"},\"image\":{\"@id\":\"https:\\\/\\\/casafabregas.cat\\\/es\\\/#\\\/schema\\\/logo\\\/image\\\/\"}}]}<\/script>\n<!-- \/ Yoast SEO plugin. -->","yoast_head_json":{"title":"Casa F\u00e0bregas - casafabregas","description":"P\u00e1gina de casa F\u00e0bregas, turismo rural en la naturaleza.","robots":{"index":"index","follow":"follow","max-snippet":"max-snippet:-1","max-image-preview":"max-image-preview:large","max-video-preview":"max-video-preview:-1"},"canonical":"https:\/\/casafabregas.cat\/es\/casa-fabregas\/","og_locale":"es_ES","og_type":"article","og_title":"Casa F\u00e0bregas - casafabregas","og_description":"P\u00e0gina de casa F\u00e0bregas, turisme rural a la natura.","og_url":"https:\/\/casafabregas.cat\/es\/casa-fabregas\/","og_site_name":"casafabregas","article_modified_time":"2023-09-29T11:33:04+00:00","twitter_card":"summary_large_image","twitter_misc":{"Tiempo de lectura":"2 minutos"},"schema":{"@context":"https:\/\/schema.org","@graph":[{"@type":"WebPage","@id":"https:\/\/casafabregas.cat\/es\/casa-fabregas\/","url":"https:\/\/casafabregas.cat\/es\/casa-fabregas\/","name":"Casa F\u00e0bregas - casafabregas","isPartOf":{"@id":"https:\/\/casafabregas.cat\/es\/#website"},"datePublished":"2023-01-25T12:26:47+00:00","dateModified":"2023-09-29T11:33:04+00:00","description":"P\u00e1gina de casa F\u00e0bregas, turismo rural en la naturaleza.","breadcrumb":{"@id":"https:\/\/casafabregas.cat\/es\/casa-fabregas\/#breadcrumb"},"inLanguage":"es","potentialAction":[{"@type":"ReadAction","target":["https:\/\/casafabregas.cat\/es\/casa-fabregas\/"]}]},{"@type":"BreadcrumbList","@id":"https:\/\/casafabregas.cat\/es\/casa-fabregas\/#breadcrumb","itemListElement":[{"@type":"ListItem","position":1,"name":"Portada","item":"https:\/\/casafabregas.cat\/"},{"@type":"ListItem","position":2,"name":"Casa F\u00e0bregas"}]},{"@type":"WebSite","@id":"https:\/\/casafabregas.cat\/es\/#website","url":"https:\/\/casafabregas.cat\/es\/","name":"casafabregas","description":"","publisher":{"@id":"https:\/\/casafabregas.cat\/es\/#organization"},"potentialAction":[{"@type":"SearchAction","target":{"@type":"EntryPoint","urlTemplate":"https:\/\/casafabregas.cat\/es\/?s={search_term_string}"},"query-input":{"@type":"PropertyValueSpecification","valueRequired":true,"valueName":"search_term_string"}}],"inLanguage":"es"},{"@type":"Organization","@id":"https:\/\/casafabregas.cat\/es\/#organization","name":"casafabregas","url":"https:\/\/casafabregas.cat\/es\/","logo":{"@type":"ImageObject","inLanguage":"es","@id":"https:\/\/casafabregas.cat\/es\/#\/schema\/logo\/image\/","url":"https:\/\/casafabregas.cat\/wp-content\/uploads\/2023\/01\/Marca-Casa-Fabregas-blanc.png","contentUrl":"https:\/\/casafabregas.cat\/wp-content\/uploads\/2023\/01\/Marca-Casa-Fabregas-blanc.png","width":2402,"height":1134,"caption":"casafabregas"},"image":{"@id":"https:\/\/casafabregas.cat\/es\/#\/schema\/logo\/image\/"}}]}},"_links":{"self":[{"href":"https:\/\/casafabregas.cat\/es\/wp-json\/wp\/v2\/pages\/43","targetHints":{"allow":["GET"]}}],"collection":[{"href":"https:\/\/casafabregas.cat\/es\/wp-json\/wp\/v2\/pages"}],"about":[{"href":"https:\/\/casafabregas.cat\/es\/wp-json\/wp\/v2\/types\/page"}],"author":[{"embeddable":true,"href":"https:\/\/casafabregas.cat\/es\/wp-json\/wp\/v2\/users\/5"}],"replies":[{"embeddable":true,"href":"https:\/\/casafabregas.cat\/es\/wp-json\/wp\/v2\/comments?post=43"}],"version-history":[{"count":99,"href":"https:\/\/casafabregas.cat\/es\/wp-json\/wp\/v2\/pages\/43\/revisions"}],"predecessor-version":[{"id":1661,"href":"https:\/\/casafabregas.cat\/es\/wp-json\/wp\/v2\/pages\/43\/revisions\/1661"}],"wp:attachment":[{"href":"https:\/\/casafabregas.cat\/es\/wp-json\/wp\/v2\/media?parent=43"}],"curies":[{"name":"wp","href":"https:\/\/api.w.org\/{rel}","templated":true}]}}