{"id":49,"date":"2023-01-25T12:26:47","date_gmt":"2023-01-25T12:26:47","guid":{"rendered":"http:\/\/casafabregas.cat\/contacte\/"},"modified":"2024-12-18T11:03:02","modified_gmt":"2024-12-18T11:03:02","slug":"contacto","status":"publish","type":"page","link":"https:\/\/casafabregas.cat\/es\/contacto\/","title":{"rendered":"Contacto"},"content":{"rendered":"\t\t<div data-elementor-type=\"wp-page\" data-elementor-id=\"49\" class=\"elementor elementor-49\" data-elementor-post-type=\"page\">\n\t\t\t\t\t\t<section class=\"elementor-section elementor-top-section elementor-element elementor-element-2a4c1b7 elementor-section-full_width elementor-section-height-min-height elementor-section-height-default elementor-section-items-middle\" data-id=\"2a4c1b7\" data-element_type=\"section\" data-e-type=\"section\" data-settings=\"{&quot;background_background&quot;:&quot;slideshow&quot;,&quot;background_slideshow_gallery&quot;:[{&quot;id&quot;:1063,&quot;url&quot;:&quot;http:\\\/\\\/casafabregas.cat\\\/wp-content\\\/uploads\\\/2023\\\/03\\\/F0610_20230210_047-scaled.jpg&quot;}],&quot;background_slideshow_transition_duration&quot;:700,&quot;background_slideshow_ken_burns&quot;:&quot;yes&quot;,&quot;background_slideshow_loop&quot;:&quot;yes&quot;,&quot;background_slideshow_slide_duration&quot;:5000,&quot;background_slideshow_slide_transition&quot;:&quot;fade&quot;,&quot;background_slideshow_ken_burns_zoom_direction&quot;:&quot;in&quot;}\">\n\t\t\t\t\t\t\t<div class=\"elementor-background-overlay\"><\/div>\n\t\t\t\t\t\t\t<div class=\"elementor-container elementor-column-gap-no\">\n\t\t\t\t\t<div class=\"elementor-column elementor-col-100 elementor-top-column elementor-element elementor-element-dd02ccf\" data-id=\"dd02ccf\" data-element_type=\"column\" data-e-type=\"column\">\n\t\t\t<div class=\"elementor-widget-wrap elementor-element-populated\">\n\t\t\t\t\t\t<section class=\"elementor-section elementor-inner-section elementor-element elementor-element-379ff58 elementor-section-full_width elementor-section-height-default elementor-section-height-default\" data-id=\"379ff58\" data-element_type=\"section\" data-e-type=\"section\">\n\t\t\t\t\t\t<div class=\"elementor-container elementor-column-gap-default\">\n\t\t\t\t\t<div class=\"elementor-column elementor-col-100 elementor-inner-column elementor-element elementor-element-85d950d\" data-id=\"85d950d\" data-element_type=\"column\" data-e-type=\"column\">\n\t\t\t<div class=\"elementor-widget-wrap elementor-element-populated\">\n\t\t\t\t\t\t<div class=\"elementor-element elementor-element-0d44402 elementor-widget elementor-widget-heading\" data-id=\"0d44402\" data-element_type=\"widget\" data-e-type=\"widget\" data-widget_type=\"heading.default\">\n\t\t\t\t<div class=\"elementor-widget-container\">\n\t\t\t\t\t<h2 class=\"elementor-heading-title elementor-size-default\">VINE A GAUDIR A CASA F\u00c0BREGAS<\/h2>\t\t\t\t<\/div>\n\t\t\t\t<\/div>\n\t\t\t\t<div class=\"elementor-element elementor-element-198f5b7 elementor-widget elementor-widget-heading\" data-id=\"198f5b7\" data-element_type=\"widget\" data-e-type=\"widget\" data-widget_type=\"heading.default\">\n\t\t\t\t<div class=\"elementor-widget-container\">\n\t\t\t\t\t<h1 class=\"elementor-heading-title elementor-size-default\">Contacte<\/h1>\t\t\t\t<\/div>\n\t\t\t\t<\/div>\n\t\t\t\t\t<\/div>\n\t\t<\/div>\n\t\t\t\t\t<\/div>\n\t\t<\/section>\n\t\t\t\t\t<\/div>\n\t\t<\/div>\n\t\t\t\t\t<\/div>\n\t\t<\/section>\n\t\t\t\t<section class=\"elementor-section elementor-top-section elementor-element elementor-element-d3bd0cc elementor-section-height-min-height elementor-section-boxed elementor-section-height-default elementor-section-items-middle\" data-id=\"d3bd0cc\" data-element_type=\"section\" data-e-type=\"section\">\n\t\t\t\t\t\t<div class=\"elementor-container elementor-column-gap-no\">\n\t\t\t\t\t<div class=\"elementor-column elementor-col-100 elementor-top-column elementor-element elementor-element-183d4d5\" data-id=\"183d4d5\" data-element_type=\"column\" data-e-type=\"column\">\n\t\t\t<div class=\"elementor-widget-wrap elementor-element-populated\">\n\t\t\t\t\t\t<div class=\"elementor-element elementor-element-86900dd elementor-widget elementor-widget-heading\" data-id=\"86900dd\" data-element_type=\"widget\" data-e-type=\"widget\" data-widget_type=\"heading.default\">\n\t\t\t\t<div class=\"elementor-widget-container\">\n\t\t\t\t\t<h2 class=\"elementor-heading-title elementor-size-default\"><a href=\"http:\/\/casafabregas.cat\/\"><span>Inici<\/span><\/a><span>&nbsp;\/ Contacte<\/span><\/h2>\t\t\t\t<\/div>\n\t\t\t\t<\/div>\n\t\t\t\t\t<\/div>\n\t\t<\/div>\n\t\t\t\t\t<\/div>\n\t\t<\/section>\n\t\t\t\t<section class=\"elementor-section elementor-top-section elementor-element elementor-element-d2280d3 elementor-section-boxed elementor-section-height-default elementor-section-height-default\" data-id=\"d2280d3\" data-element_type=\"section\" data-e-type=\"section\" data-settings=\"{&quot;background_background&quot;:&quot;classic&quot;}\">\n\t\t\t\t\t\t\t<div class=\"elementor-background-overlay\"><\/div>\n\t\t\t\t\t\t\t<div class=\"elementor-container elementor-column-gap-no\">\n\t\t\t\t\t<div class=\"elementor-column elementor-col-100 elementor-top-column elementor-element elementor-element-4f3efa0\" data-id=\"4f3efa0\" data-element_type=\"column\" data-e-type=\"column\">\n\t\t\t<div class=\"elementor-widget-wrap elementor-element-populated\">\n\t\t\t\t\t\t<div class=\"elementor-element elementor-element-5824bd8 elementor-widget-divider--view-line_text elementor-widget-divider--element-align-right elementor-widget elementor-widget-divider\" data-id=\"5824bd8\" data-element_type=\"widget\" data-e-type=\"widget\" data-widget_type=\"divider.default\">\n\t\t\t\t<div class=\"elementor-widget-container\">\n\t\t\t\t\t\t\t<div class=\"elementor-divider\">\n\t\t\t<span class=\"elementor-divider-separator\">\n\t\t\t\t\t\t\t<span class=\"elementor-divider__text elementor-divider__element\">\n\t\t\t\tUN PLAER REBRE\u2019T\t\t\t\t<\/span>\n\t\t\t\t\t\t<\/span>\n\t\t<\/div>\n\t\t\t\t\t\t<\/div>\n\t\t\t\t<\/div>\n\t\t\t\t<div class=\"elementor-element elementor-element-0b4be43 elementor-widget elementor-widget-heading\" data-id=\"0b4be43\" data-element_type=\"widget\" data-e-type=\"widget\" data-widget_type=\"heading.default\">\n\t\t\t\t<div class=\"elementor-widget-container\">\n\t\t\t\t\t<h2 class=\"elementor-heading-title elementor-size-default\">Contacte<\/h2>\t\t\t\t<\/div>\n\t\t\t\t<\/div>\n\t\t\t\t<div class=\"elementor-element elementor-element-e940020 elementor-widget elementor-widget-text-editor\" data-id=\"e940020\" data-element_type=\"widget\" data-e-type=\"widget\" data-widget_type=\"text-editor.default\">\n\t\t\t\t<div class=\"elementor-widget-container\">\n\t\t\t\t\t\t\t\t\t<p>Si desitges posar-te en contacte amb nosaltres, et deixem les nostres dades perqu\u00e8 puguis fer-nos arribar el missatge pel mitj\u00e0 que et sigui m\u00e9s c\u00f2mode.<\/p>\t\t\t\t\t\t\t\t<\/div>\n\t\t\t\t<\/div>\n\t\t\t\t<section class=\"elementor-section elementor-inner-section elementor-element elementor-element-7e299a4 elementor-section-full_width elementor-section-height-default elementor-section-height-default\" data-id=\"7e299a4\" data-element_type=\"section\" data-e-type=\"section\" data-settings=\"{&quot;background_background&quot;:&quot;classic&quot;}\">\n\t\t\t\t\t\t<div class=\"elementor-container elementor-column-gap-default\">\n\t\t\t\t\t<div class=\"elementor-column elementor-col-50 elementor-inner-column elementor-element elementor-element-9c51a61\" data-id=\"9c51a61\" data-element_type=\"column\" data-e-type=\"column\">\n\t\t\t<div class=\"elementor-widget-wrap elementor-element-populated\">\n\t\t\t\t\t\t<div class=\"elementor-element elementor-element-466b21d elementor-widget elementor-widget-heading\" data-id=\"466b21d\" data-element_type=\"widget\" data-e-type=\"widget\" data-widget_type=\"heading.default\">\n\t\t\t\t<div class=\"elementor-widget-container\">\n\t\t\t\t\t<h2 class=\"elementor-heading-title elementor-size-default\">621 251 340<\/h2>\t\t\t\t<\/div>\n\t\t\t\t<\/div>\n\t\t\t\t<div class=\"elementor-element elementor-element-efb3084 elementor-widget elementor-widget-heading\" data-id=\"efb3084\" data-element_type=\"widget\" data-e-type=\"widget\" data-widget_type=\"heading.default\">\n\t\t\t\t<div class=\"elementor-widget-container\">\n\t\t\t\t\t<h2 class=\"elementor-heading-title elementor-size-default\">Dill - Div: 07:30 h - 23:00 h<br>Diss i Diu: 07:30 h - 00 h<\/h2>\t\t\t\t<\/div>\n\t\t\t\t<\/div>\n\t\t\t\t<div class=\"elementor-element elementor-element-b52dc82 elementor-align-center elementor-icon-list--layout-traditional elementor-list-item-link-full_width elementor-widget elementor-widget-icon-list\" data-id=\"b52dc82\" data-element_type=\"widget\" data-e-type=\"widget\" data-widget_type=\"icon-list.default\">\n\t\t\t\t<div class=\"elementor-widget-container\">\n\t\t\t\t\t\t\t<ul class=\"elementor-icon-list-items\">\n\t\t\t\t\t\t\t<li class=\"elementor-icon-list-item\">\n\t\t\t\t\t\t\t\t\t\t\t<span class=\"elementor-icon-list-icon\">\n\t\t\t\t\t\t\t<i aria-hidden=\"true\" class=\"far fa-envelope\"><\/i>\t\t\t\t\t\t<\/span>\n\t\t\t\t\t\t\t\t\t\t<span class=\"elementor-icon-list-text\">info@casafabregas.cat<\/span>\n\t\t\t\t\t\t\t\t\t<\/li>\n\t\t\t\t\t\t<\/ul>\n\t\t\t\t\t\t<\/div>\n\t\t\t\t<\/div>\n\t\t\t\t<div class=\"elementor-element elementor-element-db77cf5 elementor-shape-rounded elementor-grid-0 e-grid-align-center elementor-widget elementor-widget-social-icons\" data-id=\"db77cf5\" data-element_type=\"widget\" data-e-type=\"widget\" data-widget_type=\"social-icons.default\">\n\t\t\t\t<div class=\"elementor-widget-container\">\n\t\t\t\t\t\t\t<div class=\"elementor-social-icons-wrapper elementor-grid\" role=\"list\">\n\t\t\t\t\t\t\t<span class=\"elementor-grid-item\" role=\"listitem\">\n\t\t\t\t\t<a class=\"elementor-icon elementor-social-icon elementor-social-icon-instagram elementor-repeater-item-d593538\" target=\"_blank\">\n\t\t\t\t\t\t<span class=\"elementor-screen-only\">Instagram<\/span>\n\t\t\t\t\t\t<i aria-hidden=\"true\" class=\"fab fa-instagram\"><\/i>\t\t\t\t\t<\/a>\n\t\t\t\t<\/span>\n\t\t\t\t\t\t\t<span class=\"elementor-grid-item\" role=\"listitem\">\n\t\t\t\t\t<a class=\"elementor-icon elementor-social-icon elementor-social-icon-facebook elementor-repeater-item-99722c1\" target=\"_blank\">\n\t\t\t\t\t\t<span class=\"elementor-screen-only\">Facebook<\/span>\n\t\t\t\t\t\t<i aria-hidden=\"true\" class=\"fab fa-facebook\"><\/i>\t\t\t\t\t<\/a>\n\t\t\t\t<\/span>\n\t\t\t\t\t<\/div>\n\t\t\t\t\t\t<\/div>\n\t\t\t\t<\/div>\n\t\t\t\t<div class=\"elementor-element elementor-element-67ccb81 elementor-widget elementor-widget-image\" data-id=\"67ccb81\" data-element_type=\"widget\" data-e-type=\"widget\" data-widget_type=\"image.default\">\n\t\t\t\t<div class=\"elementor-widget-container\">\n\t\t\t\t\t\t\t\t\t\t\t\t\t\t\t<img fetchpriority=\"high\" decoding=\"async\" width=\"800\" height=\"537\" src=\"https:\/\/casafabregas.cat\/wp-content\/uploads\/2023\/03\/F0610_20230210_060-1024x687.jpg\" class=\"attachment-large size-large wp-image-1068\" alt=\"\" srcset=\"https:\/\/casafabregas.cat\/wp-content\/uploads\/2023\/03\/F0610_20230210_060-1024x687.jpg 1024w, https:\/\/casafabregas.cat\/wp-content\/uploads\/2023\/03\/F0610_20230210_060-300x201.jpg 300w, https:\/\/casafabregas.cat\/wp-content\/uploads\/2023\/03\/F0610_20230210_060-768x516.jpg 768w, https:\/\/casafabregas.cat\/wp-content\/uploads\/2023\/03\/F0610_20230210_060-1536x1031.jpg 1536w, https:\/\/casafabregas.cat\/wp-content\/uploads\/2023\/03\/F0610_20230210_060-2048x1375.jpg 2048w\" sizes=\"(max-width: 800px) 100vw, 800px\" \/>\t\t\t\t\t\t\t\t\t\t\t\t\t\t\t<\/div>\n\t\t\t\t<\/div>\n\t\t\t\t\t<\/div>\n\t\t<\/div>\n\t\t\t\t<div class=\"elementor-column elementor-col-50 elementor-inner-column elementor-element elementor-element-261c793\" data-id=\"261c793\" data-element_type=\"column\" data-e-type=\"column\">\n\t\t\t<div class=\"elementor-widget-wrap elementor-element-populated\">\n\t\t\t\t\t\t<div class=\"elementor-element elementor-element-e1a4474 elementor-button-align-center elementor-widget elementor-widget-form\" data-id=\"e1a4474\" data-element_type=\"widget\" data-e-type=\"widget\" data-settings=\"{&quot;step_next_label&quot;:&quot;Siguiente&quot;,&quot;step_previous_label&quot;:&quot;Anterior&quot;,&quot;button_width&quot;:&quot;100&quot;,&quot;step_type&quot;:&quot;number_text&quot;,&quot;step_icon_shape&quot;:&quot;circle&quot;}\" data-widget_type=\"form.default\">\n\t\t\t\t<div class=\"elementor-widget-container\">\n\t\t\t\t\t\t\t<form class=\"elementor-form\" method=\"post\" name=\"Nuevo formulario\" aria-label=\"Nuevo formulario\">\n\t\t\t<input type=\"hidden\" name=\"post_id\" value=\"49\"\/>\n\t\t\t<input type=\"hidden\" name=\"form_id\" value=\"e1a4474\"\/>\n\t\t\t<input type=\"hidden\" name=\"referer_title\" value=\"Contacte - casafabregas\" \/>\n\n\t\t\t\t\t\t\t<input type=\"hidden\" name=\"queried_id\" value=\"49\"\/>\n\t\t\t\n\t\t\t<div class=\"elementor-form-fields-wrapper elementor-labels-above\">\n\t\t\t\t\t\t\t\t<div class=\"elementor-field-type-text elementor-field-group elementor-column elementor-field-group-name elementor-col-100 elementor-field-required\">\n\t\t\t\t\t\t\t\t\t\t\t\t<label for=\"form-field-name\" class=\"elementor-field-label\">\n\t\t\t\t\t\t\t\tNom\t\t\t\t\t\t\t<\/label>\n\t\t\t\t\t\t\t\t\t\t\t\t\t\t<input size=\"1\" type=\"text\" name=\"form_fields[name]\" id=\"form-field-name\" class=\"elementor-field elementor-size-sm  elementor-field-textual\" required=\"required\">\n\t\t\t\t\t\t\t\t\t\t\t<\/div>\n\t\t\t\t\t\t\t\t<div class=\"elementor-field-type-email elementor-field-group elementor-column elementor-field-group-email elementor-col-100 elementor-field-required\">\n\t\t\t\t\t\t\t\t\t\t\t\t<label for=\"form-field-email\" class=\"elementor-field-label\">\n\t\t\t\t\t\t\t\tCorreu\t\t\t\t\t\t\t<\/label>\n\t\t\t\t\t\t\t\t\t\t\t\t\t\t<input size=\"1\" type=\"email\" name=\"form_fields[email]\" id=\"form-field-email\" class=\"elementor-field elementor-size-sm  elementor-field-textual\" required=\"required\">\n\t\t\t\t\t\t\t\t\t\t\t<\/div>\n\t\t\t\t\t\t\t\t<div class=\"elementor-field-type-tel elementor-field-group elementor-column elementor-field-group-field_d6ee479 elementor-col-100\">\n\t\t\t\t\t\t\t\t\t\t\t\t<label for=\"form-field-field_d6ee479\" class=\"elementor-field-label\">\n\t\t\t\t\t\t\t\tTel\u00e8fon\t\t\t\t\t\t\t<\/label>\n\t\t\t\t\t\t\t\t<input size=\"1\" type=\"tel\" name=\"form_fields[field_d6ee479]\" id=\"form-field-field_d6ee479\" class=\"elementor-field elementor-size-sm  elementor-field-textual\" pattern=\"[0-9()#&amp;+*-=.]+\" title=\"Only numbers and phone characters (#, -, *, etc) are accepted.\">\n\n\t\t\t\t\t\t<\/div>\n\t\t\t\t\t\t\t\t<div class=\"elementor-field-type-textarea elementor-field-group elementor-column elementor-field-group-message elementor-col-100 elementor-field-required\">\n\t\t\t\t\t\t\t\t\t\t\t\t<label for=\"form-field-message\" class=\"elementor-field-label\">\n\t\t\t\t\t\t\t\tMissatge\t\t\t\t\t\t\t<\/label>\n\t\t\t\t\t\t<textarea class=\"elementor-field-textual elementor-field  elementor-size-sm\" name=\"form_fields[message]\" id=\"form-field-message\" rows=\"4\" required=\"required\"><\/textarea>\t\t\t\t<\/div>\n\t\t\t\t\t\t\t\t<div class=\"elementor-field-group elementor-column elementor-field-type-submit elementor-col-100 e-form__buttons\">\n\t\t\t\t\t<button class=\"elementor-button elementor-size-sm\" type=\"submit\">\n\t\t\t\t\t\t<span class=\"elementor-button-content-wrapper\">\n\t\t\t\t\t\t\t\t\t\t\t\t\t\t\t\t\t\t\t\t\t\t<span class=\"elementor-button-text\">Enviar<\/span>\n\t\t\t\t\t\t\t\t\t\t\t\t\t<\/span>\n\t\t\t\t\t<\/button>\n\t\t\t\t<\/div>\n\t\t\t<\/div>\n\t\t<\/form>\n\t\t\t\t\t\t<\/div>\n\t\t\t\t<\/div>\n\t\t\t\t\t<\/div>\n\t\t<\/div>\n\t\t\t\t\t<\/div>\n\t\t<\/section>\n\t\t\t\t\t<\/div>\n\t\t<\/div>\n\t\t\t\t\t<\/div>\n\t\t<\/section>\n\t\t\t\t<\/div>\n\t\t","protected":false},"excerpt":{"rendered":"<p>VINE A GAUDIR A CASA F\u00c0BREGAS Contacte Inici&nbsp;\/ Contacte UN PLAER REBRE\u2019T Contacte Si desitges posar-te en contacte amb nosaltres, et deixem les nostres dades perqu\u00e8 puguis fer-nos arribar el missatge pel mitj\u00e0 que et sigui m\u00e9s c\u00f2mode. 621 251 340 Dill &#8211; Div: 07:30 h &#8211; 23:00 hDiss i Diu: 07:30 h &#8211; 00 [&hellip;]<\/p>\n","protected":false},"author":5,"featured_media":0,"parent":0,"menu_order":0,"comment_status":"closed","ping_status":"closed","template":"","meta":{"footnotes":""},"class_list":["post-49","page","type-page","status-publish","hentry"],"yoast_head":"<!-- This site is optimized with the Yoast SEO plugin v27.5 - https:\/\/yoast.com\/product\/yoast-seo-wordpress\/ -->\n<title>Contacte - casafabregas<\/title>\n<meta name=\"robots\" content=\"index, follow, max-snippet:-1, max-image-preview:large, max-video-preview:-1\" \/>\n<link rel=\"canonical\" href=\"https:\/\/casafabregas.cat\/es\/contacto\/\" \/>\n<meta property=\"og:locale\" content=\"es_ES\" \/>\n<meta property=\"og:type\" content=\"article\" \/>\n<meta property=\"og:title\" content=\"Contacte - casafabregas\" \/>\n<meta property=\"og:description\" content=\"VINE A GAUDIR A CASA F\u00c0BREGAS Contacte Inici&nbsp;\/ Contacte UN PLAER REBRE\u2019T Contacte Si desitges posar-te en contacte amb nosaltres, et deixem les nostres dades perqu\u00e8 puguis fer-nos arribar el missatge pel mitj\u00e0 que et sigui m\u00e9s c\u00f2mode. 621 251 340 Dill &#8211; Div: 07:30 h &#8211; 23:00 hDiss i Diu: 07:30 h &#8211; 00 [&hellip;]\" \/>\n<meta property=\"og:url\" content=\"https:\/\/casafabregas.cat\/es\/contacto\/\" \/>\n<meta property=\"og:site_name\" content=\"casafabregas\" \/>\n<meta property=\"article:modified_time\" content=\"2024-12-18T11:03:02+00:00\" \/>\n<meta property=\"og:image\" content=\"http:\/\/casafabregas.cat\/wp-content\/uploads\/2023\/03\/F0610_20230210_060-1024x687.jpg\" \/>\n<meta name=\"twitter:card\" content=\"summary_large_image\" \/>\n<meta name=\"twitter:label1\" content=\"Tiempo de lectura\" \/>\n\t<meta name=\"twitter:data1\" content=\"1 minuto\" \/>\n<script type=\"application\/ld+json\" class=\"yoast-schema-graph\">{\"@context\":\"https:\\\/\\\/schema.org\",\"@graph\":[{\"@type\":\"WebPage\",\"@id\":\"https:\\\/\\\/casafabregas.cat\\\/contacte\\\/\",\"url\":\"https:\\\/\\\/casafabregas.cat\\\/contacte\\\/\",\"name\":\"Contacte - casafabregas\",\"isPartOf\":{\"@id\":\"https:\\\/\\\/casafabregas.cat\\\/es\\\/#website\"},\"primaryImageOfPage\":{\"@id\":\"https:\\\/\\\/casafabregas.cat\\\/contacte\\\/#primaryimage\"},\"image\":{\"@id\":\"https:\\\/\\\/casafabregas.cat\\\/contacte\\\/#primaryimage\"},\"thumbnailUrl\":\"http:\\\/\\\/casafabregas.cat\\\/wp-content\\\/uploads\\\/2023\\\/03\\\/F0610_20230210_060-1024x687.jpg\",\"datePublished\":\"2023-01-25T12:26:47+00:00\",\"dateModified\":\"2024-12-18T11:03:02+00:00\",\"breadcrumb\":{\"@id\":\"https:\\\/\\\/casafabregas.cat\\\/contacte\\\/#breadcrumb\"},\"inLanguage\":\"es\",\"potentialAction\":[{\"@type\":\"ReadAction\",\"target\":[\"https:\\\/\\\/casafabregas.cat\\\/contacte\\\/\"]}]},{\"@type\":\"ImageObject\",\"inLanguage\":\"es\",\"@id\":\"https:\\\/\\\/casafabregas.cat\\\/contacte\\\/#primaryimage\",\"url\":\"http:\\\/\\\/casafabregas.cat\\\/wp-content\\\/uploads\\\/2023\\\/03\\\/F0610_20230210_060-1024x687.jpg\",\"contentUrl\":\"http:\\\/\\\/casafabregas.cat\\\/wp-content\\\/uploads\\\/2023\\\/03\\\/F0610_20230210_060-1024x687.jpg\"},{\"@type\":\"BreadcrumbList\",\"@id\":\"https:\\\/\\\/casafabregas.cat\\\/contacte\\\/#breadcrumb\",\"itemListElement\":[{\"@type\":\"ListItem\",\"position\":1,\"name\":\"Portada\",\"item\":\"https:\\\/\\\/casafabregas.cat\\\/\"},{\"@type\":\"ListItem\",\"position\":2,\"name\":\"Contacte\"}]},{\"@type\":\"WebSite\",\"@id\":\"https:\\\/\\\/casafabregas.cat\\\/es\\\/#website\",\"url\":\"https:\\\/\\\/casafabregas.cat\\\/es\\\/\",\"name\":\"casafabregas\",\"description\":\"\",\"publisher\":{\"@id\":\"https:\\\/\\\/casafabregas.cat\\\/es\\\/#organization\"},\"potentialAction\":[{\"@type\":\"SearchAction\",\"target\":{\"@type\":\"EntryPoint\",\"urlTemplate\":\"https:\\\/\\\/casafabregas.cat\\\/es\\\/?s={search_term_string}\"},\"query-input\":{\"@type\":\"PropertyValueSpecification\",\"valueRequired\":true,\"valueName\":\"search_term_string\"}}],\"inLanguage\":\"es\"},{\"@type\":\"Organization\",\"@id\":\"https:\\\/\\\/casafabregas.cat\\\/es\\\/#organization\",\"name\":\"casafabregas\",\"url\":\"https:\\\/\\\/casafabregas.cat\\\/es\\\/\",\"logo\":{\"@type\":\"ImageObject\",\"inLanguage\":\"es\",\"@id\":\"https:\\\/\\\/casafabregas.cat\\\/es\\\/#\\\/schema\\\/logo\\\/image\\\/\",\"url\":\"https:\\\/\\\/casafabregas.cat\\\/wp-content\\\/uploads\\\/2023\\\/01\\\/Marca-Casa-Fabregas-blanc.png\",\"contentUrl\":\"https:\\\/\\\/casafabregas.cat\\\/wp-content\\\/uploads\\\/2023\\\/01\\\/Marca-Casa-Fabregas-blanc.png\",\"width\":2402,\"height\":1134,\"caption\":\"casafabregas\"},\"image\":{\"@id\":\"https:\\\/\\\/casafabregas.cat\\\/es\\\/#\\\/schema\\\/logo\\\/image\\\/\"}}]}<\/script>\n<!-- \/ Yoast SEO plugin. -->","yoast_head_json":{"title":"Contacto - casafabregas","robots":{"index":"index","follow":"follow","max-snippet":"max-snippet:-1","max-image-preview":"max-image-preview:large","max-video-preview":"max-video-preview:-1"},"canonical":"https:\/\/casafabregas.cat\/es\/contacto\/","og_locale":"es_ES","og_type":"article","og_title":"Contacte - casafabregas","og_description":"VINE A GAUDIR A CASA F\u00c0BREGAS Contacte Inici&nbsp;\/ Contacte UN PLAER REBRE\u2019T Contacte Si desitges posar-te en contacte amb nosaltres, et deixem les nostres dades perqu\u00e8 puguis fer-nos arribar el missatge pel mitj\u00e0 que et sigui m\u00e9s c\u00f2mode. 621 251 340 Dill &#8211; Div: 07:30 h &#8211; 23:00 hDiss i Diu: 07:30 h &#8211; 00 [&hellip;]","og_url":"https:\/\/casafabregas.cat\/es\/contacto\/","og_site_name":"casafabregas","article_modified_time":"2024-12-18T11:03:02+00:00","og_image":[{"url":"http:\/\/casafabregas.cat\/wp-content\/uploads\/2023\/03\/F0610_20230210_060-1024x687.jpg","type":"","width":"","height":""}],"twitter_card":"summary_large_image","twitter_misc":{"Tiempo de lectura":"1 minuto"},"schema":{"@context":"https:\/\/schema.org","@graph":[{"@type":"WebPage","@id":"https:\/\/casafabregas.cat\/contacte\/","url":"https:\/\/casafabregas.cat\/contacte\/","name":"Contacto - casafabregas","isPartOf":{"@id":"https:\/\/casafabregas.cat\/es\/#website"},"primaryImageOfPage":{"@id":"https:\/\/casafabregas.cat\/contacte\/#primaryimage"},"image":{"@id":"https:\/\/casafabregas.cat\/contacte\/#primaryimage"},"thumbnailUrl":"http:\/\/casafabregas.cat\/wp-content\/uploads\/2023\/03\/F0610_20230210_060-1024x687.jpg","datePublished":"2023-01-25T12:26:47+00:00","dateModified":"2024-12-18T11:03:02+00:00","breadcrumb":{"@id":"https:\/\/casafabregas.cat\/contacte\/#breadcrumb"},"inLanguage":"es","potentialAction":[{"@type":"ReadAction","target":["https:\/\/casafabregas.cat\/contacte\/"]}]},{"@type":"ImageObject","inLanguage":"es","@id":"https:\/\/casafabregas.cat\/contacte\/#primaryimage","url":"http:\/\/casafabregas.cat\/wp-content\/uploads\/2023\/03\/F0610_20230210_060-1024x687.jpg","contentUrl":"http:\/\/casafabregas.cat\/wp-content\/uploads\/2023\/03\/F0610_20230210_060-1024x687.jpg"},{"@type":"BreadcrumbList","@id":"https:\/\/casafabregas.cat\/contacte\/#breadcrumb","itemListElement":[{"@type":"ListItem","position":1,"name":"Portada","item":"https:\/\/casafabregas.cat\/"},{"@type":"ListItem","position":2,"name":"Contacte"}]},{"@type":"WebSite","@id":"https:\/\/casafabregas.cat\/es\/#website","url":"https:\/\/casafabregas.cat\/es\/","name":"casafabregas","description":"","publisher":{"@id":"https:\/\/casafabregas.cat\/es\/#organization"},"potentialAction":[{"@type":"SearchAction","target":{"@type":"EntryPoint","urlTemplate":"https:\/\/casafabregas.cat\/es\/?s={search_term_string}"},"query-input":{"@type":"PropertyValueSpecification","valueRequired":true,"valueName":"search_term_string"}}],"inLanguage":"es"},{"@type":"Organization","@id":"https:\/\/casafabregas.cat\/es\/#organization","name":"casafabregas","url":"https:\/\/casafabregas.cat\/es\/","logo":{"@type":"ImageObject","inLanguage":"es","@id":"https:\/\/casafabregas.cat\/es\/#\/schema\/logo\/image\/","url":"https:\/\/casafabregas.cat\/wp-content\/uploads\/2023\/01\/Marca-Casa-Fabregas-blanc.png","contentUrl":"https:\/\/casafabregas.cat\/wp-content\/uploads\/2023\/01\/Marca-Casa-Fabregas-blanc.png","width":2402,"height":1134,"caption":"casafabregas"},"image":{"@id":"https:\/\/casafabregas.cat\/es\/#\/schema\/logo\/image\/"}}]}},"_links":{"self":[{"href":"https:\/\/casafabregas.cat\/es\/wp-json\/wp\/v2\/pages\/49","targetHints":{"allow":["GET"]}}],"collection":[{"href":"https:\/\/casafabregas.cat\/es\/wp-json\/wp\/v2\/pages"}],"about":[{"href":"https:\/\/casafabregas.cat\/es\/wp-json\/wp\/v2\/types\/page"}],"author":[{"embeddable":true,"href":"https:\/\/casafabregas.cat\/es\/wp-json\/wp\/v2\/users\/5"}],"replies":[{"embeddable":true,"href":"https:\/\/casafabregas.cat\/es\/wp-json\/wp\/v2\/comments?post=49"}],"version-history":[{"count":70,"href":"https:\/\/casafabregas.cat\/es\/wp-json\/wp\/v2\/pages\/49\/revisions"}],"predecessor-version":[{"id":1775,"href":"https:\/\/casafabregas.cat\/es\/wp-json\/wp\/v2\/pages\/49\/revisions\/1775"}],"wp:attachment":[{"href":"https:\/\/casafabregas.cat\/es\/wp-json\/wp\/v2\/media?parent=49"}],"curies":[{"name":"wp","href":"https:\/\/api.w.org\/{rel}","templated":true}]}}